{"id":1044,"date":"2025-05-12T11:57:02","date_gmt":"2025-05-12T10:57:02","guid":{"rendered":"https:\/\/madsaw.pro\/?page_id=1044"},"modified":"2025-08-08T09:38:41","modified_gmt":"2025-08-08T08:38:41","slug":"remodelovanje-kuhinje-i-kupatila","status":"publish","type":"page","link":"https:\/\/madsaw.pro\/en\/projects\/kitchen-and-bathroom-remodeling\/","title":{"rendered":"Kitchen and bathroom remodeling"},"content":{"rendered":"\t\t<div data-elementor-type=\"wp-page\" data-elementor-id=\"1044\" class=\"elementor elementor-1044\" data-elementor-post-type=\"page\">\n\t\t\t\t<div class=\"elementor-element elementor-element-6ef0784 e-con-full e-flex e-con e-parent\" data-id=\"6ef0784\" data-element_type=\"container\" data-e-type=\"container\">\n\t\t\t\t<div class=\"elementor-element elementor-element-4786125d elementor-widget__width-initial elementor-widget elementor-widget-heading\" data-id=\"4786125d\" data-element_type=\"widget\" data-e-type=\"widget\" data-widget_type=\"heading.default\">\n\t\t\t\t\t<h1 class=\"elementor-heading-title elementor-size-default\">Remodelovanje kuhinje i kupatila<\/h1>\t\t\t\t<\/div>\n\t\t\t\t<div class=\"elementor-element elementor-element-34a0d8f8 elementor-widget__width-initial elementor-widget elementor-widget-text-editor\" data-id=\"34a0d8f8\" data-element_type=\"widget\" data-e-type=\"widget\" data-widget_type=\"text-editor.default\">\n\t\t\t\t\t\t\t\t\t<p>U ovom projektu, fokus je bio na potpunoj transformaciji dva najfrekventnija prostora u domu \u2013 kuhinje i kupatila. Cilj je bio da se unapredi funkcionalnost, omogu\u0107i bolja organizacija i stvori atmosfera koja doprinosi udobnosti svakodnevnog \u017eivota. Posebna pa\u017enja posve\u0107ena je ergonomiji, protoku svetlosti i izboru materijala otpornih na habanje.<\/p>\t\t\t\t\t\t\t\t<\/div>\n\t\t\t\t<\/div>\n\t\t<div class=\"elementor-element elementor-element-1316fa6b e-con-full e-flex e-con e-parent\" data-id=\"1316fa6b\" data-element_type=\"container\" data-e-type=\"container\">\n\t\t\t\t<div class=\"elementor-element elementor-element-73488826 elementor-widget__width-initial elementor-widget elementor-widget-image\" data-id=\"73488826\" data-element_type=\"widget\" data-e-type=\"widget\" data-widget_type=\"image.default\">\n\t\t\t\t\t\t\t\t\t\t\t\t\t\t\t\t<a href=\"https:\/\/madsaw.pro\/wp-content\/uploads\/2025\/05\/projekat-1-dizajn-enterijera-kupatilo.jpg\" data-elementor-open-lightbox=\"yes\" data-elementor-lightbox-title=\"Madsaw dizajn enterijera - Remodelovanje kupatila\" data-e-action-hash=\"#elementor-action%3Aaction%3Dlightbox%26settings%3DeyJpZCI6MTAxMSwidXJsIjoiaHR0cHM6XC9cL21hZHNhdy5wcm9cL3dwLWNvbnRlbnRcL3VwbG9hZHNcLzIwMjVcLzA1XC9wcm9qZWthdC0xLWRpemFqbi1lbnRlcmlqZXJhLWt1cGF0aWxvLmpwZyJ9\">\n\t\t\t\t\t\t\t<img fetchpriority=\"high\" decoding=\"async\" width=\"1024\" height=\"751\" src=\"https:\/\/madsaw.pro\/wp-content\/uploads\/2025\/05\/projekat-1-dizajn-enterijera-kupatilo.jpg\" class=\"attachment-full size-full wp-image-1011\" alt=\"moderno kupatilo sa belim plo\u010dicama i drvenim elementima\" srcset=\"https:\/\/madsaw.pro\/wp-content\/uploads\/2025\/05\/projekat-1-dizajn-enterijera-kupatilo.jpg 1024w, https:\/\/madsaw.pro\/wp-content\/uploads\/2025\/05\/projekat-1-dizajn-enterijera-kupatilo-300x220.jpg 300w, https:\/\/madsaw.pro\/wp-content\/uploads\/2025\/05\/projekat-1-dizajn-enterijera-kupatilo-768x563.jpg 768w\" sizes=\"(max-width: 1024px) 100vw, 1024px\" title=\"\">\t\t\t\t\t\t\t\t<\/a>\n\t\t\t\t\t\t\t\t\t\t\t\t\t\t\t<\/div>\n\t\t<div class=\"elementor-element elementor-element-5f721150 e-con-full e-flex e-con e-child\" data-id=\"5f721150\" data-element_type=\"container\" data-e-type=\"container\">\n\t\t<div class=\"elementor-element elementor-element-805b5cf e-con-full e-flex e-con e-child\" data-id=\"805b5cf\" data-element_type=\"container\" data-e-type=\"container\">\n\t\t\t\t<div class=\"elementor-element elementor-element-3bfed512 elementor-widget elementor-widget-heading\" data-id=\"3bfed512\" data-element_type=\"widget\" data-e-type=\"widget\" data-widget_type=\"heading.default\">\n\t\t\t\t\t<p class=\"elementor-heading-title elementor-size-default\">Lokacija<\/p>\t\t\t\t<\/div>\n\t\t\t\t<div class=\"elementor-element elementor-element-339c6b38 elementor-widget elementor-widget-heading\" data-id=\"339c6b38\" data-element_type=\"widget\" data-e-type=\"widget\" data-widget_type=\"heading.default\">\n\t\t\t\t\t<p class=\"elementor-heading-title elementor-size-default\">USA<\/p>\t\t\t\t<\/div>\n\t\t\t\t<\/div>\n\t\t<div class=\"elementor-element elementor-element-19f100d e-con-full e-flex e-con e-child\" data-id=\"19f100d\" data-element_type=\"container\" data-e-type=\"container\">\n\t\t\t\t<div class=\"elementor-element elementor-element-5ca3d0b3 elementor-widget elementor-widget-heading\" data-id=\"5ca3d0b3\" data-element_type=\"widget\" data-e-type=\"widget\" data-widget_type=\"heading.default\">\n\t\t\t\t\t<p class=\"elementor-heading-title elementor-size-default\">Usluga<\/p>\t\t\t\t<\/div>\n\t\t\t\t<div class=\"elementor-element elementor-element-66d7e934 elementor-widget elementor-widget-heading\" data-id=\"66d7e934\" data-element_type=\"widget\" data-e-type=\"widget\" data-widget_type=\"heading.default\">\n\t\t\t\t\t<p class=\"elementor-heading-title elementor-size-default\">Remodelovanje kuhinje i kupatila<\/p>\t\t\t\t<\/div>\n\t\t\t\t<\/div>\n\t\t<div class=\"elementor-element elementor-element-2d9e3526 e-con-full e-flex e-con e-child\" data-id=\"2d9e3526\" data-element_type=\"container\" data-e-type=\"container\">\n\t\t\t\t<div class=\"elementor-element elementor-element-41e6db7f elementor-widget__width-initial elementor-widget elementor-widget-text-editor\" data-id=\"41e6db7f\" data-element_type=\"widget\" data-e-type=\"widget\" data-widget_type=\"text-editor.default\">\n\t\t\t\t\t\t\t\t\t<p>U kuhinji dominiraju \u010diste linije, topli tonovi i pametna re\u0161enja za odlaganje, dok je kupatilo redizajnirano tako da vizuelno pove\u0107a prostor i uvede ose\u0107aj smirenosti. Kombinacijom savremenog dizajna i promi\u0161ljenih detalja, prostor je dobio novu funkciju i karakter \u2013 prilago\u0111en ritmu savremenog \u017eivota.<\/p><p>\u00a0<\/p>\t\t\t\t\t\t\t\t<\/div>\n\t\t\t\t<\/div>\n\t\t\t\t<\/div>\n\t\t\t\t<\/div>\n\t\t<div class=\"elementor-element elementor-element-1dea0b48 e-con-full e-flex e-con e-parent\" data-id=\"1dea0b48\" data-element_type=\"container\" data-e-type=\"container\" data-settings=\"{&quot;background_background&quot;:&quot;classic&quot;}\">\n\t\t<div class=\"elementor-element elementor-element-31cd5f15 e-con-full e-flex e-con e-child\" data-id=\"31cd5f15\" data-element_type=\"container\" data-e-type=\"container\">\n\t\t<div class=\"elementor-element elementor-element-3c904879 e-con-full e-flex e-con e-child\" data-id=\"3c904879\" data-element_type=\"container\" data-e-type=\"container\">\n\t\t<div class=\"elementor-element elementor-element-2953a91d e-con-full e-flex e-con e-child\" data-id=\"2953a91d\" data-element_type=\"container\" data-e-type=\"container\">\n\t\t\t\t<div class=\"elementor-element elementor-element-33ce9d0c elementor-widget__width-initial elementor-icon-list--layout-traditional elementor-list-item-link-full_width elementor-widget elementor-widget-icon-list\" data-id=\"33ce9d0c\" data-element_type=\"widget\" data-e-type=\"widget\" data-widget_type=\"icon-list.default\">\n\t\t\t\t\t\t\t<ul class=\"elementor-icon-list-items\">\n\t\t\t\t\t\t\t<li class=\"elementor-icon-list-item\">\n\t\t\t\t\t\t\t\t\t\t\t<span class=\"elementor-icon-list-icon\">\n\t\t\t\t\t\t\t<svg aria-hidden=\"true\" class=\"e-font-icon-svg e-fas-circle\" viewBox=\"0 0 512 512\" xmlns=\"http:\/\/www.w3.org\/2000\/svg\"><path d=\"M256 8C119 8 8 119 8 256s111 248 248 248 248-111 248-248S393 8 256 8z\"><\/path><\/svg>\t\t\t\t\t\t<\/span>\n\t\t\t\t\t\t\t\t\t\t<span class=\"elementor-icon-list-text\"><\/span>\n\t\t\t\t\t\t\t\t\t<\/li>\n\t\t\t\t\t\t<\/ul>\n\t\t\t\t\t\t<\/div>\n\t\t\t\t<div class=\"elementor-element elementor-element-1a9cf126 elementor-widget elementor-widget-heading\" data-id=\"1a9cf126\" data-element_type=\"widget\" data-e-type=\"widget\" data-widget_type=\"heading.default\">\n\t\t\t\t\t<p class=\"elementor-heading-title elementor-size-default\">Kuhinja<\/p>\t\t\t\t<\/div>\n\t\t\t\t<\/div>\n\t\t\t\t<div class=\"elementor-element elementor-element-5f06fc19 elementor-widget elementor-widget-heading\" data-id=\"5f06fc19\" data-element_type=\"widget\" data-e-type=\"widget\" data-widget_type=\"heading.default\">\n\t\t\t\t\t<h2 class=\"elementor-heading-title elementor-size-default\">Funkcionalnost u svakom detalju<\/h2>\t\t\t\t<\/div>\n\t\t\t\t<div class=\"elementor-element elementor-element-52f79a55 elementor-widget__width-initial elementor-widget-tablet__width-inherit elementor-widget elementor-widget-text-editor\" data-id=\"52f79a55\" data-element_type=\"widget\" data-e-type=\"widget\" data-widget_type=\"text-editor.default\">\n\t\t\t\t\t\t\t\t\t<p>Kroz dizajn kuhinje, spojili smo prakti\u010dnost sa estetikom, stvaraju\u0107i prostor koji je idealan za svakodnevni \u017eivot i posebne trenutke.<\/p>\t\t\t\t\t\t\t\t<\/div>\n\t\t\t\t<\/div>\n\t\t\t\t<div class=\"elementor-element elementor-element-6d8a7b0 elementor-widget elementor-widget-image\" data-id=\"6d8a7b0\" data-element_type=\"widget\" data-e-type=\"widget\" data-widget_type=\"image.default\">\n\t\t\t\t\t\t\t\t\t\t\t\t\t\t\t\t<a href=\"https:\/\/madsaw.pro\/wp-content\/uploads\/2025\/05\/projekat-1-dizajn-enterijera-kuhinja-1.jpg\" data-elementor-open-lightbox=\"yes\" data-elementor-lightbox-title=\"Madsaw dizajn enterijera - Remodelovanje kuhinje\" data-e-action-hash=\"#elementor-action%3Aaction%3Dlightbox%26settings%3DeyJpZCI6MTAxNSwidXJsIjoiaHR0cHM6XC9cL21hZHNhdy5wcm9cL3dwLWNvbnRlbnRcL3VwbG9hZHNcLzIwMjVcLzA1XC9wcm9qZWthdC0xLWRpemFqbi1lbnRlcmlqZXJhLWt1aGluamEtMS5qcGcifQ%3D%3D\">\n\t\t\t\t\t\t\t<img decoding=\"async\" width=\"1024\" height=\"751\" src=\"https:\/\/madsaw.pro\/wp-content\/uploads\/2025\/05\/projekat-1-dizajn-enterijera-kuhinja-1.jpg\" class=\"attachment-full size-full wp-image-1015\" alt=\"moderna kuhinja sa mermernim kuhinjskim ostrvom, belo crnim barskim stolicama, velikim sivim fri\u017eiderom, modernim osvetljenjem\" srcset=\"https:\/\/madsaw.pro\/wp-content\/uploads\/2025\/05\/projekat-1-dizajn-enterijera-kuhinja-1.jpg 1024w, https:\/\/madsaw.pro\/wp-content\/uploads\/2025\/05\/projekat-1-dizajn-enterijera-kuhinja-1-300x220.jpg 300w, https:\/\/madsaw.pro\/wp-content\/uploads\/2025\/05\/projekat-1-dizajn-enterijera-kuhinja-1-768x563.jpg 768w\" sizes=\"(max-width: 1024px) 100vw, 1024px\" title=\"\">\t\t\t\t\t\t\t\t<\/a>\n\t\t\t\t\t\t\t\t\t\t\t\t\t\t\t<\/div>\n\t\t\t\t<\/div>\n\t\t<div class=\"elementor-element elementor-element-3036227d e-con-full e-flex e-con e-child\" data-id=\"3036227d\" data-element_type=\"container\" data-e-type=\"container\">\n\t\t\t\t<div class=\"elementor-element elementor-element-2b4c7aac elementor-widget elementor-widget-image\" data-id=\"2b4c7aac\" data-element_type=\"widget\" data-e-type=\"widget\" data-widget_type=\"image.default\">\n\t\t\t\t\t\t\t\t\t\t\t\t\t\t\t\t<a href=\"https:\/\/madsaw.pro\/wp-content\/uploads\/2025\/05\/projekat-1-dizajn-enterijera-kuhinja-2.jpg\" data-elementor-open-lightbox=\"yes\" data-elementor-lightbox-title=\"Madsaw dizajn enterijera - Remodelovanje kuhinje\" data-e-action-hash=\"#elementor-action%3Aaction%3Dlightbox%26settings%3DeyJpZCI6MTAxNiwidXJsIjoiaHR0cHM6XC9cL21hZHNhdy5wcm9cL3dwLWNvbnRlbnRcL3VwbG9hZHNcLzIwMjVcLzA1XC9wcm9qZWthdC0xLWRpemFqbi1lbnRlcmlqZXJhLWt1aGluamEtMi5qcGcifQ%3D%3D\">\n\t\t\t\t\t\t\t<img decoding=\"async\" width=\"1024\" height=\"751\" src=\"https:\/\/madsaw.pro\/wp-content\/uploads\/2025\/05\/projekat-1-dizajn-enterijera-kuhinja-2.jpg\" class=\"attachment-full size-full wp-image-1016\" alt=\"moderna kuhinja sa mermernom plo\u010dom, kuhinjskim ostrvom i modernim kuhinjskim elementima\" srcset=\"https:\/\/madsaw.pro\/wp-content\/uploads\/2025\/05\/projekat-1-dizajn-enterijera-kuhinja-2.jpg 1024w, https:\/\/madsaw.pro\/wp-content\/uploads\/2025\/05\/projekat-1-dizajn-enterijera-kuhinja-2-300x220.jpg 300w, https:\/\/madsaw.pro\/wp-content\/uploads\/2025\/05\/projekat-1-dizajn-enterijera-kuhinja-2-768x563.jpg 768w\" sizes=\"(max-width: 1024px) 100vw, 1024px\" title=\"\">\t\t\t\t\t\t\t\t<\/a>\n\t\t\t\t\t\t\t\t\t\t\t\t\t\t\t<\/div>\n\t\t\t\t<div class=\"elementor-element elementor-element-1c9548eb elementor-widget elementor-widget-image\" data-id=\"1c9548eb\" data-element_type=\"widget\" data-e-type=\"widget\" data-widget_type=\"image.default\">\n\t\t\t\t\t\t\t\t\t\t\t\t\t\t\t\t<a href=\"https:\/\/madsaw.pro\/wp-content\/uploads\/2025\/05\/projekat-1-dizajn-enterijera-kuhinja-3.jpg\" data-elementor-open-lightbox=\"yes\" data-elementor-lightbox-title=\"Madsaw dizajn enterijera - Remodelovanje kuhinje\" data-e-action-hash=\"#elementor-action%3Aaction%3Dlightbox%26settings%3DeyJpZCI6MTAxNywidXJsIjoiaHR0cHM6XC9cL21hZHNhdy5wcm9cL3dwLWNvbnRlbnRcL3VwbG9hZHNcLzIwMjVcLzA1XC9wcm9qZWthdC0xLWRpemFqbi1lbnRlcmlqZXJhLWt1aGluamEtMy5qcGcifQ%3D%3D\">\n\t\t\t\t\t\t\t<img loading=\"lazy\" decoding=\"async\" width=\"1024\" height=\"751\" src=\"https:\/\/madsaw.pro\/wp-content\/uploads\/2025\/05\/projekat-1-dizajn-enterijera-kuhinja-3.jpg\" class=\"attachment-full size-full wp-image-1017\" alt=\"moderna kuhinja sa mermernim kuhinjskim ostrvom i belo crnim barskim stolicama Remodelovanje kuhinje i kupatila\" srcset=\"https:\/\/madsaw.pro\/wp-content\/uploads\/2025\/05\/projekat-1-dizajn-enterijera-kuhinja-3.jpg 1024w, https:\/\/madsaw.pro\/wp-content\/uploads\/2025\/05\/projekat-1-dizajn-enterijera-kuhinja-3-300x220.jpg 300w, https:\/\/madsaw.pro\/wp-content\/uploads\/2025\/05\/projekat-1-dizajn-enterijera-kuhinja-3-768x563.jpg 768w\" sizes=\"(max-width: 1024px) 100vw, 1024px\" title=\"\">\t\t\t\t\t\t\t\t<\/a>\n\t\t\t\t\t\t\t\t\t\t\t\t\t\t\t<\/div>\n\t\t\t\t<\/div>\n\t\t\t\t<\/div>\n\t\t<div class=\"elementor-element elementor-element-775b26f9 e-con-full e-flex e-con e-parent\" data-id=\"775b26f9\" data-element_type=\"container\" data-e-type=\"container\">\n\t\t\t\t<div class=\"elementor-element elementor-element-1f8f1ee3 elementor-widget elementor-widget-shortcode\" data-id=\"1f8f1ee3\" data-element_type=\"widget\" data-e-type=\"widget\" data-widget_type=\"shortcode.default\">\n\t\t\t\t\t\t\t<div class=\"elementor-shortcode\">\t\t<div data-elementor-type=\"section\" data-elementor-id=\"1006\" class=\"elementor elementor-1006\" data-elementor-post-type=\"elementor_library\">\n\t\t\t<div class=\"elementor-element elementor-element-801b351 e-con-full e-flex e-con e-parent\" data-id=\"801b351\" data-element_type=\"container\" data-e-type=\"container\">\n\t\t<div class=\"elementor-element elementor-element-6a9e34c e-con-full e-flex e-con e-child\" data-id=\"6a9e34c\" data-element_type=\"container\" data-e-type=\"container\">\n\t\t\t\t<div class=\"elementor-element elementor-element-f7a9c43 elementor-widget elementor-widget-heading\" data-id=\"f7a9c43\" data-element_type=\"widget\" data-e-type=\"widget\" data-widget_type=\"heading.default\">\n\t\t\t\t\t<h2 class=\"elementor-heading-title elementor-size-default\">Zapo\u010dnimo va\u0161u pri\u010du o prostoru<\/h2>\t\t\t\t<\/div>\n\t\t\t\t<div class=\"elementor-element elementor-element-b773885 elementor-icon-list--layout-traditional elementor-list-item-link-full_width elementor-widget elementor-widget-icon-list\" data-id=\"b773885\" data-element_type=\"widget\" data-e-type=\"widget\" data-widget_type=\"icon-list.default\">\n\t\t\t\t\t\t\t<ul class=\"elementor-icon-list-items\">\n\t\t\t\t\t\t\t<li class=\"elementor-icon-list-item\">\n\t\t\t\t\t\t\t\t\t\t\t<a href=\"tel:+381659996797\">\n\n\t\t\t\t\t\t\t\t\t\t\t<span class=\"elementor-icon-list-text\">+381659996797<\/span>\n\t\t\t\t\t\t\t\t\t\t\t<\/a>\n\t\t\t\t\t\t\t\t\t<\/li>\n\t\t\t\t\t\t\t\t<li class=\"elementor-icon-list-item\">\n\t\t\t\t\t\t\t\t\t\t\t<a href=\"mailto:info@madsaw.pro\">\n\n\t\t\t\t\t\t\t\t\t\t\t<span class=\"elementor-icon-list-text\">info@madsaw.pro<\/span>\n\t\t\t\t\t\t\t\t\t\t\t<\/a>\n\t\t\t\t\t\t\t\t\t<\/li>\n\t\t\t\t\t\t<\/ul>\n\t\t\t\t\t\t<\/div>\n\t\t\t\t<\/div>\n\t\t<div class=\"elementor-element elementor-element-4819901 e-con-full e-flex e-con e-child\" data-id=\"4819901\" data-element_type=\"container\" data-e-type=\"container\">\n\t\t\t\t<div class=\"elementor-element elementor-element-5687675 elementor-widget elementor-widget-shortcode\" data-id=\"5687675\" data-element_type=\"widget\" data-e-type=\"widget\" data-widget_type=\"shortcode.default\">\n\t\t\t\t\t\t\t<div class=\"elementor-shortcode\">\t\t<div data-elementor-type=\"section\" data-elementor-id=\"789\" class=\"elementor elementor-789\" data-elementor-post-type=\"elementor_library\">\n\t\t\t<div class=\"elementor-element elementor-element-e905771 e-con-full e-flex e-con e-parent\" data-id=\"e905771\" data-element_type=\"container\" data-e-type=\"container\">\n\t\t\t\t<div class=\"elementor-element elementor-element-0e8974a elementor-button-align-center elementor-widget elementor-widget-form\" data-id=\"0e8974a\" data-element_type=\"widget\" data-e-type=\"widget\" data-settings=\"{&quot;step_next_label&quot;:&quot;Next&quot;,&quot;step_previous_label&quot;:&quot;Previous&quot;,&quot;button_width&quot;:&quot;100&quot;,&quot;step_type&quot;:&quot;number_text&quot;,&quot;step_icon_shape&quot;:&quot;circle&quot;}\" data-widget_type=\"form.default\">\n\t\t\t\t\t\t\t<form class=\"elementor-form\" method=\"post\" name=\"New Form\" aria-label=\"New Form\">\n\t\t\t<input type=\"hidden\" name=\"post_id\" value=\"789\"\/>\n\t\t\t<input type=\"hidden\" name=\"form_id\" value=\"0e8974a\"\/>\n\t\t\t<input type=\"hidden\" name=\"referer_title\" value=\"Kontakt \u2022 Madsaw Arhitekti\" \/>\n\n\t\t\t\t\t\t\t<input type=\"hidden\" name=\"queried_id\" value=\"26\"\/>\n\t\t\t\n\t\t\t<div class=\"elementor-form-fields-wrapper elementor-labels-\">\n\t\t\t\t\t\t\t\t<div class=\"elementor-field-type-text elementor-field-group elementor-column elementor-field-group-name elementor-col-100 elementor-field-required\">\n\t\t\t\t\t\t\t\t\t\t\t\t<label for=\"form-field-name\" class=\"elementor-field-label elementor-screen-only\">\n\t\t\t\t\t\t\t\tIme\t\t\t\t\t\t\t<\/label>\n\t\t\t\t\t\t\t\t\t\t\t\t\t\t<input size=\"1\" type=\"text\" name=\"form_fields[name]\" id=\"form-field-name\" class=\"elementor-field elementor-size-sm  elementor-field-textual\" placeholder=\"Ime\" required=\"required\">\n\t\t\t\t\t\t\t\t\t\t\t<\/div>\n\t\t\t\t\t\t\t\t<div class=\"elementor-field-type-email elementor-field-group elementor-column elementor-field-group-email elementor-col-100 elementor-field-required\">\n\t\t\t\t\t\t\t\t\t\t\t\t<label for=\"form-field-email\" class=\"elementor-field-label elementor-screen-only\">\n\t\t\t\t\t\t\t\tEmail\t\t\t\t\t\t\t<\/label>\n\t\t\t\t\t\t\t\t\t\t\t\t\t\t<input size=\"1\" type=\"email\" name=\"form_fields[email]\" id=\"form-field-email\" class=\"elementor-field elementor-size-sm  elementor-field-textual\" placeholder=\"Email\" required=\"required\">\n\t\t\t\t\t\t\t\t\t\t\t<\/div>\n\t\t\t\t\t\t\t\t<div class=\"elementor-field-type-textarea elementor-field-group elementor-column elementor-field-group-message elementor-col-100 elementor-field-required\">\n\t\t\t\t\t\t\t\t\t\t\t\t<label for=\"form-field-message\" class=\"elementor-field-label elementor-screen-only\">\n\t\t\t\t\t\t\t\tPoruka\t\t\t\t\t\t\t<\/label>\n\t\t\t\t\t\t<textarea class=\"elementor-field-textual elementor-field  elementor-size-sm\" name=\"form_fields[message]\" id=\"form-field-message\" rows=\"4\" placeholder=\"Poruka\" required=\"required\"><\/textarea>\t\t\t\t<\/div>\n\t\t\t\t\t\t\t\t<div class=\"elementor-field-type-text\">\n\t\t\t\t\t<input size=\"1\" type=\"text\" name=\"form_fields[field_2cd1353]\" id=\"form-field-field_2cd1353\" class=\"elementor-field elementor-size-sm \" style=\"display:none !important;\">\t\t\t\t<\/div>\n\t\t\t\t\t\t\t\t<div class=\"elementor-field-type-recaptcha_v3 elementor-field-group elementor-column elementor-field-group-field_835d538 elementor-col-100 recaptcha_v3-bottomright\">\n\t\t\t\t\t<div class=\"elementor-field\" id=\"form-field-field_835d538\"><div class=\"elementor-g-recaptcha\" data-sitekey=\"6Lcnjt4qAAAAAMe8X9RP4EZds_3e1romFwQiExwb\" data-type=\"v3\" data-action=\"Form\" data-badge=\"bottomright\" data-size=\"invisible\"><\/div><\/div>\t\t\t\t<\/div>\n\t\t\t\t\t\t\t\t<div class=\"elementor-field-group elementor-column elementor-field-type-submit elementor-col-100 e-form__buttons\">\n\t\t\t\t\t<button class=\"elementor-button elementor-size-sm\" type=\"submit\">\n\t\t\t\t\t\t<span class=\"elementor-button-content-wrapper\">\n\t\t\t\t\t\t\t\t\t\t\t\t\t\t\t\t\t\t\t\t\t\t<span class=\"elementor-button-text\">Po\u0161alji<\/span>\n\t\t\t\t\t\t\t\t\t\t\t\t\t<\/span>\n\t\t\t\t\t<\/button>\n\t\t\t\t<\/div>\n\t\t\t<\/div>\n\t\t<\/form>\n\t\t\t\t\t\t<\/div>\n\t\t\t\t<\/div>\n\t\t\t\t<\/div>\n\t\t<\/div>\n\t\t\t\t\t\t<\/div>\n\t\t\t\t<\/div>\n\t\t\t\t<\/div>\n\t\t\t\t<\/div>\n\t\t<\/div>\n\t\t\t\t\t\t<\/div>\n\t\t\t\t<\/div>\n\t\t\t\t<\/div>\n\t\t","protected":false},"excerpt":{"rendered":"<p>Remodelovanje kuhinje i kupatila U ovom projektu, fokus je bio na potpunoj transformaciji dva najfrekventnija prostora u domu \u2013 kuhinje i kupatila. Cilj je bio da se unapredi funkcionalnost, omogu\u0107i bolja organizacija i stvori atmosfera koja doprinosi udobnosti svakodnevnog \u017eivota. Posebna pa\u017enja posve\u0107ena je ergonomiji, protoku svetlosti i izboru materijala otpornih na habanje. Lokacija USA [&hellip;]<\/p>\n","protected":false},"author":1,"featured_media":1017,"parent":30,"menu_order":0,"comment_status":"closed","ping_status":"closed","template":"","meta":{"footnotes":""},"class_list":["post-1044","page","type-page","status-publish","has-post-thumbnail","hentry"],"_links":{"self":[{"href":"https:\/\/madsaw.pro\/en\/wp-json\/wp\/v2\/pages\/1044","targetHints":{"allow":["GET"]}}],"collection":[{"href":"https:\/\/madsaw.pro\/en\/wp-json\/wp\/v2\/pages"}],"about":[{"href":"https:\/\/madsaw.pro\/en\/wp-json\/wp\/v2\/types\/page"}],"author":[{"embeddable":true,"href":"https:\/\/madsaw.pro\/en\/wp-json\/wp\/v2\/users\/1"}],"replies":[{"embeddable":true,"href":"https:\/\/madsaw.pro\/en\/wp-json\/wp\/v2\/comments?post=1044"}],"version-history":[{"count":5,"href":"https:\/\/madsaw.pro\/en\/wp-json\/wp\/v2\/pages\/1044\/revisions"}],"predecessor-version":[{"id":1187,"href":"https:\/\/madsaw.pro\/en\/wp-json\/wp\/v2\/pages\/1044\/revisions\/1187"}],"up":[{"embeddable":true,"href":"https:\/\/madsaw.pro\/en\/wp-json\/wp\/v2\/pages\/30"}],"wp:featuredmedia":[{"embeddable":true,"href":"https:\/\/madsaw.pro\/en\/wp-json\/wp\/v2\/media\/1017"}],"wp:attachment":[{"href":"https:\/\/madsaw.pro\/en\/wp-json\/wp\/v2\/media?parent=1044"}],"curies":[{"name":"wp","href":"https:\/\/api.w.org\/{rel}","templated":true}]}}