{"id":131,"date":"2025-02-19T14:23:06","date_gmt":"2025-02-19T14:23:06","guid":{"rendered":"https:\/\/madsaw.pro\/?page_id=131"},"modified":"2025-08-08T10:13:11","modified_gmt":"2025-08-08T09:13:11","slug":"pejzazna-arhitektura","status":"publish","type":"page","link":"https:\/\/madsaw.pro\/en\/architectural-services\/landscape-architecture\/","title":{"rendered":"Landscape architecture"},"content":{"rendered":"\t\t<div data-elementor-type=\"wp-page\" data-elementor-id=\"131\" class=\"elementor elementor-131\" data-elementor-post-type=\"page\">\n\t\t\t\t<div class=\"elementor-element elementor-element-7fdc1580 e-con-full e-flex e-con e-parent\" data-id=\"7fdc1580\" data-element_type=\"container\" data-e-type=\"container\">\n\t\t\t\t<div class=\"elementor-element elementor-element-47714f9c elementor-widget elementor-widget-heading\" data-id=\"47714f9c\" data-element_type=\"widget\" data-e-type=\"widget\" data-widget_type=\"heading.default\">\n\t\t\t\t\t<h2 class=\"elementor-heading-title elementor-size-default\">Harmonija prirode i dizajna.<\/h2>\t\t\t\t<\/div>\n\t\t\t\t<div class=\"elementor-element elementor-element-69d7b46 elementor-widget__width-initial elementor-widget elementor-widget-text-editor\" data-id=\"69d7b46\" data-element_type=\"widget\" data-e-type=\"widget\" data-widget_type=\"text-editor.default\">\n\t\t\t\t\t\t\t\t\t<p>Kreiramo funkcionalne i estetski privla\u010dne spolja\u0161nje prostore prilago\u0111ene va\u0161im potrebama.\u00a0Bilo da je u pitanju dvori\u0161te, park, poslovni prostor ili javna povr\u0161ina, stvaramo zelene oaze koje oplemenjuju prostor i pobolj\u0161avaju kvalitet \u017eivota.<\/p>\t\t\t\t\t\t\t\t<\/div>\n\t\t\t\t<\/div>\n\t\t<div class=\"elementor-element elementor-element-ad14009 e-con-full e-flex e-con e-parent\" data-id=\"ad14009\" data-element_type=\"container\" data-e-type=\"container\">\n\t\t<div class=\"elementor-element elementor-element-0e609e8 e-con-full e-flex e-con e-child\" data-id=\"0e609e8\" data-element_type=\"container\" data-e-type=\"container\">\n\t\t\t\t<div class=\"elementor-element elementor-element-fb46073 elementor-widget elementor-widget-heading\" data-id=\"fb46073\" data-element_type=\"widget\" data-e-type=\"widget\" data-widget_type=\"heading.default\">\n\t\t\t\t\t<h2 class=\"elementor-heading-title elementor-size-default\">Za\u0161to je pejza\u017eno ure\u0111enje va\u017eno?<\/h2>\t\t\t\t<\/div>\n\t\t\t\t<div class=\"elementor-element elementor-element-7145b9a elementor-widget elementor-widget-text-editor\" data-id=\"7145b9a\" data-element_type=\"widget\" data-e-type=\"widget\" data-widget_type=\"text-editor.default\">\n\t\t\t\t\t\t\t\t\t<p>Profesionalno ure\u0111en eksterijer ne samo da pobolj\u0161ava estetiku prostora, ve\u0107 doprinosi kvalitetu \u017eivota i odr\u017eivosti.<\/p><p>Prednosti:<br \/>Estetsko unapre\u0111enje prostora<br \/>Pove\u0107anje vrednosti nekretnine<br \/>Pobolj\u0161anje mikroklime i ekolo\u0161ke odr\u017eivosti<br \/>Kreiranje prijatnog ambijenta za boravak<\/p>\t\t\t\t\t\t\t\t<\/div>\n\t\t\t\t<\/div>\n\t\t<div class=\"elementor-element elementor-element-4f330d5 e-con-full e-flex e-con e-child\" data-id=\"4f330d5\" data-element_type=\"container\" data-e-type=\"container\">\n\t\t\t\t<div class=\"elementor-element elementor-element-cb3611b elementor-widget__width-initial elementor-widget elementor-widget-image\" data-id=\"cb3611b\" data-element_type=\"widget\" data-e-type=\"widget\" data-widget_type=\"image.default\">\n\t\t\t\t\t\t\t\t\t\t\t\t\t\t\t<img fetchpriority=\"high\" decoding=\"async\" width=\"800\" height=\"1067\" src=\"https:\/\/madsaw.pro\/wp-content\/uploads\/2025\/06\/sarah-donisi-6GBBch49j7M-unsplash-2.jpg\" class=\"attachment-full size-full wp-image-1164\" alt=\"\" srcset=\"https:\/\/madsaw.pro\/wp-content\/uploads\/2025\/06\/sarah-donisi-6GBBch49j7M-unsplash-2.jpg 800w, https:\/\/madsaw.pro\/wp-content\/uploads\/2025\/06\/sarah-donisi-6GBBch49j7M-unsplash-2-225x300.jpg 225w, https:\/\/madsaw.pro\/wp-content\/uploads\/2025\/06\/sarah-donisi-6GBBch49j7M-unsplash-2-768x1024.jpg 768w, https:\/\/madsaw.pro\/wp-content\/uploads\/2025\/06\/sarah-donisi-6GBBch49j7M-unsplash-2-9x12.jpg 9w\" sizes=\"(max-width: 800px) 100vw, 800px\" title=\"\">\t\t\t\t\t\t\t\t\t\t\t\t\t\t\t<\/div>\n\t\t\t\t<div class=\"elementor-element elementor-element-d7ff770 elementor-widget__width-initial elementor-widget elementor-widget-image\" data-id=\"d7ff770\" data-element_type=\"widget\" data-e-type=\"widget\" data-widget_type=\"image.default\">\n\t\t\t\t\t\t\t\t\t\t\t\t\t\t\t<img decoding=\"async\" width=\"800\" height=\"1107\" src=\"https:\/\/madsaw.pro\/wp-content\/uploads\/2025\/06\/luis-montejo-pyCYwcRLtSA-unsplash-scale.jpg\" class=\"attachment-full size-full wp-image-1166\" alt=\"\" srcset=\"https:\/\/madsaw.pro\/wp-content\/uploads\/2025\/06\/luis-montejo-pyCYwcRLtSA-unsplash-scale.jpg 800w, https:\/\/madsaw.pro\/wp-content\/uploads\/2025\/06\/luis-montejo-pyCYwcRLtSA-unsplash-scale-217x300.jpg 217w, https:\/\/madsaw.pro\/wp-content\/uploads\/2025\/06\/luis-montejo-pyCYwcRLtSA-unsplash-scale-740x1024.jpg 740w, https:\/\/madsaw.pro\/wp-content\/uploads\/2025\/06\/luis-montejo-pyCYwcRLtSA-unsplash-scale-768x1063.jpg 768w, https:\/\/madsaw.pro\/wp-content\/uploads\/2025\/06\/luis-montejo-pyCYwcRLtSA-unsplash-scale-9x12.jpg 9w\" sizes=\"(max-width: 800px) 100vw, 800px\" title=\"\">\t\t\t\t\t\t\t\t\t\t\t\t\t\t\t<\/div>\n\t\t\t\t<\/div>\n\t\t\t\t<\/div>\n\t\t<div class=\"elementor-element elementor-element-b75ccf2 e-con-full e-flex e-con e-parent\" data-id=\"b75ccf2\" data-element_type=\"container\" data-e-type=\"container\" data-settings=\"{&quot;background_background&quot;:&quot;classic&quot;}\">\n\t\t<div class=\"elementor-element elementor-element-d7d0db4 e-con-full e-flex e-con e-child\" data-id=\"d7d0db4\" data-element_type=\"container\" data-e-type=\"container\">\n\t\t<div class=\"elementor-element elementor-element-ac4aef6 e-con-full e-flex e-con e-child\" data-id=\"ac4aef6\" data-element_type=\"container\" data-e-type=\"container\">\n\t\t\t\t<div class=\"elementor-element elementor-element-05dca8c elementor-widget__width-initial elementor-icon-list--layout-traditional elementor-list-item-link-full_width elementor-widget elementor-widget-icon-list\" data-id=\"05dca8c\" data-element_type=\"widget\" data-e-type=\"widget\" data-widget_type=\"icon-list.default\">\n\t\t\t\t\t\t\t<ul class=\"elementor-icon-list-items\">\n\t\t\t\t\t\t\t<li class=\"elementor-icon-list-item\">\n\t\t\t\t\t\t\t\t\t\t\t<span class=\"elementor-icon-list-icon\">\n\t\t\t\t\t\t\t<svg aria-hidden=\"true\" class=\"e-font-icon-svg e-fas-circle\" viewBox=\"0 0 512 512\" xmlns=\"http:\/\/www.w3.org\/2000\/svg\"><path d=\"M256 8C119 8 8 119 8 256s111 248 248 248 248-111 248-248S393 8 256 8z\"><\/path><\/svg>\t\t\t\t\t\t<\/span>\n\t\t\t\t\t\t\t\t\t\t<span class=\"elementor-icon-list-text\"><\/span>\n\t\t\t\t\t\t\t\t\t<\/li>\n\t\t\t\t\t\t<\/ul>\n\t\t\t\t\t\t<\/div>\n\t\t\t\t<div class=\"elementor-element elementor-element-7a753ba elementor-widget-mobile__width-initial elementor-widget elementor-widget-heading\" data-id=\"7a753ba\" data-element_type=\"widget\" data-e-type=\"widget\" data-widget_type=\"heading.default\">\n\t\t\t\t\t<h2 class=\"elementor-heading-title elementor-size-default\">\u0160ta uklju\u010duje pejza\u017eno ure\u0111enje?<\/h2>\t\t\t\t<\/div>\n\t\t\t\t<\/div>\n\t\t\t\t<div class=\"elementor-element elementor-element-6c73e8c elementor-widget__width-inherit elementor-widget elementor-widget-heading\" data-id=\"6c73e8c\" data-element_type=\"widget\" data-e-type=\"widget\" data-widget_type=\"heading.default\">\n\t\t\t\t\t<p class=\"elementor-heading-title elementor-size-default\">Pejza\u017ena arhitektura obuhvata celokupno planiranje i realizaciju zelenih povr\u0161ina, uz balans estetike, funkcionalnosti i odr\u017eivosti.<\/p>\t\t\t\t<\/div>\n\t\t\t\t<\/div>\n\t\t<div class=\"elementor-element elementor-element-3ccf7fc e-con-full e-flex e-con e-child\" data-id=\"3ccf7fc\" data-element_type=\"container\" data-e-type=\"container\">\n\t\t\t\t<div class=\"elementor-element elementor-element-4400f02 elementor-widget elementor-widget-heading\" data-id=\"4400f02\" data-element_type=\"widget\" data-e-type=\"widget\" data-widget_type=\"heading.default\">\n\t\t\t\t\t<h3 class=\"elementor-heading-title elementor-size-default\">Projektovanje zelenih povr\u0161ina<\/h3>\t\t\t\t<\/div>\n\t\t\t\t<div class=\"elementor-element elementor-element-d389b35 elementor-widget elementor-widget-text-editor\" data-id=\"d389b35\" data-element_type=\"widget\" data-e-type=\"widget\" data-widget_type=\"text-editor.default\">\n\t\t\t\t\t\t\t\t\t<p>Planiranje i oblikovanje prostora uz pa\u017eljiv odabir biljnih vrsta, njihov raspored prema estetskim i funkcionalnim kriterijumima, kao i odre\u0111ivanje pozicija za staze, osvetljenje i dekorativne elemente poput skulptura, kamenjara ili ukrasnih \u017eardinjera.<\/p>\t\t\t\t\t\t\t\t<\/div>\n\t\t\t\t<div class=\"elementor-element elementor-element-04b3a56 elementor-widget elementor-widget-heading\" data-id=\"04b3a56\" data-element_type=\"widget\" data-e-type=\"widget\" data-widget_type=\"heading.default\">\n\t\t\t\t\t<h3 class=\"elementor-heading-title elementor-size-default\">Ure\u0111enje staza i mobilijara<\/h3>\t\t\t\t<\/div>\n\t\t\t\t<div class=\"elementor-element elementor-element-3e6bdff elementor-widget elementor-widget-text-editor\" data-id=\"3e6bdff\" data-element_type=\"widget\" data-e-type=\"widget\" data-widget_type=\"text-editor.default\">\n\t\t\t\t\t\t\t\t\t<p>Postavljanje funkcionalnih i estetski uskla\u0111enih staza, terasa i povr\u0161ina za odmor, kao i ugradnju vrtnog mobilijara poput klupa, pergola, ljulja\u0161ki i fontana. Posebna pa\u017enja se posve\u0107uje izboru materijala, oblikovanju detalja i njihovoj integraciji u celokupan pejza\u017eni ambijent, kako bi prostor bio prijatan, upotrebljiv i vizuelno atraktivan tokom cele godine.<\/p>\t\t\t\t\t\t\t\t<\/div>\n\t\t\t\t<\/div>\n\t\t\t\t<\/div>\n\t\t<div class=\"elementor-element elementor-element-526ef355 e-con-full e-flex e-con e-parent\" data-id=\"526ef355\" data-element_type=\"container\" data-e-type=\"container\">\n\t\t<div class=\"elementor-element elementor-element-50cbaab4 e-con-full e-flex e-con e-child\" data-id=\"50cbaab4\" data-element_type=\"container\" data-e-type=\"container\">\n\t\t\t\t<div class=\"elementor-element elementor-element-66169b76 elementor-widget elementor-widget-heading\" data-id=\"66169b76\" data-element_type=\"widget\" data-e-type=\"widget\" data-widget_type=\"heading.default\">\n\t\t\t\t\t<h2 class=\"elementor-heading-title elementor-size-default\">Planirate pejza\u017eno ure\u0111enje? Kontaktirajte nas!<\/h2>\t\t\t\t<\/div>\n\t\t\t\t<div class=\"elementor-element elementor-element-009c214 elementor-icon-list--layout-traditional elementor-list-item-link-full_width elementor-widget elementor-widget-icon-list\" data-id=\"009c214\" data-element_type=\"widget\" data-e-type=\"widget\" data-widget_type=\"icon-list.default\">\n\t\t\t\t\t\t\t<ul class=\"elementor-icon-list-items\">\n\t\t\t\t\t\t\t<li class=\"elementor-icon-list-item\">\n\t\t\t\t\t\t\t\t\t\t\t<a href=\"tel:+381659996797\">\n\n\t\t\t\t\t\t\t\t\t\t\t<span class=\"elementor-icon-list-text\">+381659996797<\/span>\n\t\t\t\t\t\t\t\t\t\t\t<\/a>\n\t\t\t\t\t\t\t\t\t<\/li>\n\t\t\t\t\t\t\t\t<li class=\"elementor-icon-list-item\">\n\t\t\t\t\t\t\t\t\t\t\t<a href=\"mailto:info@madsaw.pro\">\n\n\t\t\t\t\t\t\t\t\t\t\t<span class=\"elementor-icon-list-text\">info@madsaw.pro<\/span>\n\t\t\t\t\t\t\t\t\t\t\t<\/a>\n\t\t\t\t\t\t\t\t\t<\/li>\n\t\t\t\t\t\t<\/ul>\n\t\t\t\t\t\t<\/div>\n\t\t\t\t<\/div>\n\t\t<div class=\"elementor-element elementor-element-b9af62d e-con-full e-flex e-con e-child\" data-id=\"b9af62d\" data-element_type=\"container\" data-e-type=\"container\">\n\t\t\t\t<div class=\"elementor-element elementor-element-ea29217 elementor-widget elementor-widget-shortcode\" data-id=\"ea29217\" data-element_type=\"widget\" data-e-type=\"widget\" data-widget_type=\"shortcode.default\">\n\t\t\t\t\t\t\t<div class=\"elementor-shortcode\">\t\t<div data-elementor-type=\"section\" data-elementor-id=\"789\" class=\"elementor elementor-789\" data-elementor-post-type=\"elementor_library\">\n\t\t\t<div class=\"elementor-element elementor-element-e905771 e-con-full e-flex e-con e-parent\" data-id=\"e905771\" data-element_type=\"container\" data-e-type=\"container\">\n\t\t\t\t<div class=\"elementor-element elementor-element-0e8974a elementor-button-align-center elementor-widget elementor-widget-form\" data-id=\"0e8974a\" data-element_type=\"widget\" data-e-type=\"widget\" data-settings=\"{&quot;step_next_label&quot;:&quot;Next&quot;,&quot;step_previous_label&quot;:&quot;Previous&quot;,&quot;button_width&quot;:&quot;100&quot;,&quot;step_type&quot;:&quot;number_text&quot;,&quot;step_icon_shape&quot;:&quot;circle&quot;}\" data-widget_type=\"form.default\">\n\t\t\t\t\t\t\t<form class=\"elementor-form\" method=\"post\" name=\"New Form\" aria-label=\"New Form\">\n\t\t\t<input type=\"hidden\" name=\"post_id\" value=\"789\"\/>\n\t\t\t<input type=\"hidden\" name=\"form_id\" value=\"0e8974a\"\/>\n\t\t\t<input type=\"hidden\" name=\"referer_title\" value=\"Kontakt \u2022 Madsaw Arhitekti\" \/>\n\n\t\t\t\t\t\t\t<input type=\"hidden\" name=\"queried_id\" value=\"26\"\/>\n\t\t\t\n\t\t\t<div class=\"elementor-form-fields-wrapper elementor-labels-\">\n\t\t\t\t\t\t\t\t<div class=\"elementor-field-type-text elementor-field-group elementor-column elementor-field-group-name elementor-col-100 elementor-field-required\">\n\t\t\t\t\t\t\t\t\t\t\t\t<label for=\"form-field-name\" class=\"elementor-field-label elementor-screen-only\">\n\t\t\t\t\t\t\t\tIme\t\t\t\t\t\t\t<\/label>\n\t\t\t\t\t\t\t\t\t\t\t\t\t\t<input size=\"1\" type=\"text\" name=\"form_fields[name]\" id=\"form-field-name\" class=\"elementor-field elementor-size-sm  elementor-field-textual\" placeholder=\"Ime\" required=\"required\">\n\t\t\t\t\t\t\t\t\t\t\t<\/div>\n\t\t\t\t\t\t\t\t<div class=\"elementor-field-type-email elementor-field-group elementor-column elementor-field-group-email elementor-col-100 elementor-field-required\">\n\t\t\t\t\t\t\t\t\t\t\t\t<label for=\"form-field-email\" class=\"elementor-field-label elementor-screen-only\">\n\t\t\t\t\t\t\t\tEmail\t\t\t\t\t\t\t<\/label>\n\t\t\t\t\t\t\t\t\t\t\t\t\t\t<input size=\"1\" type=\"email\" name=\"form_fields[email]\" id=\"form-field-email\" class=\"elementor-field elementor-size-sm  elementor-field-textual\" placeholder=\"Email\" required=\"required\">\n\t\t\t\t\t\t\t\t\t\t\t<\/div>\n\t\t\t\t\t\t\t\t<div class=\"elementor-field-type-textarea elementor-field-group elementor-column elementor-field-group-message elementor-col-100 elementor-field-required\">\n\t\t\t\t\t\t\t\t\t\t\t\t<label for=\"form-field-message\" class=\"elementor-field-label elementor-screen-only\">\n\t\t\t\t\t\t\t\tPoruka\t\t\t\t\t\t\t<\/label>\n\t\t\t\t\t\t<textarea class=\"elementor-field-textual elementor-field  elementor-size-sm\" name=\"form_fields[message]\" id=\"form-field-message\" rows=\"4\" placeholder=\"Poruka\" required=\"required\"><\/textarea>\t\t\t\t<\/div>\n\t\t\t\t\t\t\t\t<div class=\"elementor-field-type-text\">\n\t\t\t\t\t<input size=\"1\" type=\"text\" name=\"form_fields[field_2cd1353]\" id=\"form-field-field_2cd1353\" class=\"elementor-field elementor-size-sm \" style=\"display:none !important;\">\t\t\t\t<\/div>\n\t\t\t\t\t\t\t\t<div class=\"elementor-field-type-recaptcha_v3 elementor-field-group elementor-column elementor-field-group-field_835d538 elementor-col-100 recaptcha_v3-bottomright\">\n\t\t\t\t\t<div class=\"elementor-field\" id=\"form-field-field_835d538\"><div class=\"elementor-g-recaptcha\" data-sitekey=\"6Lcnjt4qAAAAAMe8X9RP4EZds_3e1romFwQiExwb\" data-type=\"v3\" data-action=\"Form\" data-badge=\"bottomright\" data-size=\"invisible\"><\/div><\/div>\t\t\t\t<\/div>\n\t\t\t\t\t\t\t\t<div class=\"elementor-field-group elementor-column elementor-field-type-submit elementor-col-100 e-form__buttons\">\n\t\t\t\t\t<button class=\"elementor-button elementor-size-sm\" type=\"submit\">\n\t\t\t\t\t\t<span class=\"elementor-button-content-wrapper\">\n\t\t\t\t\t\t\t\t\t\t\t\t\t\t\t\t\t\t\t\t\t\t<span class=\"elementor-button-text\">Po\u0161alji<\/span>\n\t\t\t\t\t\t\t\t\t\t\t\t\t<\/span>\n\t\t\t\t\t<\/button>\n\t\t\t\t<\/div>\n\t\t\t<\/div>\n\t\t<\/form>\n\t\t\t\t\t\t<\/div>\n\t\t\t\t<\/div>\n\t\t\t\t<\/div>\n\t\t<\/div>\n\t\t\t\t\t\t<\/div>\n\t\t\t\t<\/div>\n\t\t\t\t<\/div>\n\t\t\t\t<\/div>\n\t\t","protected":false},"excerpt":{"rendered":"<p>Harmonija prirode i dizajna. Kreiramo funkcionalne i estetski privla\u010dne spolja\u0161nje prostore prilago\u0111ene va\u0161im potrebama.\u00a0Bilo da je u pitanju dvori\u0161te, park, poslovni prostor ili javna povr\u0161ina, stvaramo zelene oaze koje oplemenjuju prostor i pobolj\u0161avaju kvalitet \u017eivota. Za\u0161to je pejza\u017eno ure\u0111enje va\u017eno? Profesionalno ure\u0111en eksterijer ne samo da pobolj\u0161ava estetiku prostora, ve\u0107 doprinosi kvalitetu \u017eivota i odr\u017eivosti. [&hellip;]<\/p>\n","protected":false},"author":1,"featured_media":1252,"parent":28,"menu_order":0,"comment_status":"closed","ping_status":"closed","template":"","meta":{"footnotes":""},"class_list":["post-131","page","type-page","status-publish","has-post-thumbnail","hentry"],"_links":{"self":[{"href":"https:\/\/madsaw.pro\/en\/wp-json\/wp\/v2\/pages\/131","targetHints":{"allow":["GET"]}}],"collection":[{"href":"https:\/\/madsaw.pro\/en\/wp-json\/wp\/v2\/pages"}],"about":[{"href":"https:\/\/madsaw.pro\/en\/wp-json\/wp\/v2\/types\/page"}],"author":[{"embeddable":true,"href":"https:\/\/madsaw.pro\/en\/wp-json\/wp\/v2\/users\/1"}],"replies":[{"embeddable":true,"href":"https:\/\/madsaw.pro\/en\/wp-json\/wp\/v2\/comments?post=131"}],"version-history":[{"count":79,"href":"https:\/\/madsaw.pro\/en\/wp-json\/wp\/v2\/pages\/131\/revisions"}],"predecessor-version":[{"id":1287,"href":"https:\/\/madsaw.pro\/en\/wp-json\/wp\/v2\/pages\/131\/revisions\/1287"}],"up":[{"embeddable":true,"href":"https:\/\/madsaw.pro\/en\/wp-json\/wp\/v2\/pages\/28"}],"wp:featuredmedia":[{"embeddable":true,"href":"https:\/\/madsaw.pro\/en\/wp-json\/wp\/v2\/media\/1252"}],"wp:attachment":[{"href":"https:\/\/madsaw.pro\/en\/wp-json\/wp\/v2\/media?parent=131"}],"curies":[{"name":"wp","href":"https:\/\/api.w.org\/{rel}","templated":true}]}}