{"id":160,"date":"2025-02-19T14:56:07","date_gmt":"2025-02-19T14:56:07","guid":{"rendered":"https:\/\/madsaw.pro\/?page_id=160"},"modified":"2025-08-08T09:25:21","modified_gmt":"2025-08-08T08:25:21","slug":"arhitektonski-studio-novi-sad","status":"publish","type":"page","link":"https:\/\/madsaw.pro\/en\/about-us\/","title":{"rendered":"About us"},"content":{"rendered":"<div data-elementor-type=\"wp-page\" data-elementor-id=\"160\" class=\"elementor elementor-160\" data-elementor-post-type=\"page\">\n\t\t\t\t<div class=\"elementor-element elementor-element-fb84d32 e-con-full e-flex e-con e-parent\" data-id=\"fb84d32\" data-element_type=\"container\" data-e-type=\"container\">\n\t\t\t\t<div class=\"elementor-element elementor-element-2da0ef4 elementor-widget__width-initial elementor-widget elementor-widget-heading\" data-id=\"2da0ef4\" data-element_type=\"widget\" data-e-type=\"widget\" data-widget_type=\"heading.default\">\n\t\t\t\t\t<h1 class=\"elementor-heading-title elementor-size-default\">Madsaw Architecture: expertise, experience, commitment<\/h1>\t\t\t\t<\/div>\n\t\t\t\t<div class=\"elementor-element elementor-element-87932c6 elementor-widget elementor-widget-heading\" data-id=\"87932c6\" data-element_type=\"widget\" data-e-type=\"widget\" data-widget_type=\"heading.default\">\n\t\t\t\t\t<h2 class=\"elementor-heading-title elementor-size-default\">Architectural studio Novi Sad<\/h2>\t\t\t\t<\/div>\n\t\t\t\t<\/div>\n\t\t<div class=\"elementor-element elementor-element-1480ebc e-con-full e-flex e-con e-parent\" data-id=\"1480ebc\" data-element_type=\"container\" data-e-type=\"container\">\n\t\t\t\t<div class=\"elementor-element elementor-element-f4f1abe elementor-widget__width-initial elementor-widget-mobile__width-inherit elementor-widget elementor-widget-image\" data-id=\"f4f1abe\" data-element_type=\"widget\" data-e-type=\"widget\" data-widget_type=\"image.default\">\n\t\t\t\t\t\t\t\t\t\t\t\t\t\t\t<img fetchpriority=\"high\" decoding=\"async\" width=\"1024\" height=\"1536\" src=\"https:\/\/madsaw.pro\/wp-content\/uploads\/2025\/05\/o-nama-img-01.jpg\" class=\"attachment-full size-full wp-image-1061\" alt=\"moderna kuca na cijoj terasi zena razgovara telefonom, a muskarac u prizemlju \u010dita knjigu\" srcset=\"https:\/\/madsaw.pro\/wp-content\/uploads\/2025\/05\/o-nama-img-01.jpg 1024w, https:\/\/madsaw.pro\/wp-content\/uploads\/2025\/05\/o-nama-img-01-200x300.jpg 200w, https:\/\/madsaw.pro\/wp-content\/uploads\/2025\/05\/o-nama-img-01-683x1024.jpg 683w, https:\/\/madsaw.pro\/wp-content\/uploads\/2025\/05\/o-nama-img-01-768x1152.jpg 768w\" sizes=\"(max-width: 1024px) 100vw, 1024px\" title=\"\">\t\t\t\t\t\t\t\t\t\t\t\t\t\t\t<\/div>\n\t\t<div class=\"elementor-element elementor-element-5b41ef7 e-con-full e-flex e-con e-child\" data-id=\"5b41ef7\" data-element_type=\"container\" data-e-type=\"container\">\n\t\t<div class=\"elementor-element elementor-element-8dea4d4 e-con-full e-flex e-con e-child\" data-id=\"8dea4d4\" data-element_type=\"container\" data-e-type=\"container\">\n\t\t\t\t<div class=\"elementor-element elementor-element-ccfad4f elementor-widget__width-initial elementor-widget elementor-widget-text-editor\" data-id=\"ccfad4f\" data-element_type=\"widget\" data-e-type=\"widget\" data-widget_type=\"text-editor.default\">\n\t\t\t\t\t\t\t\t\t<p>Madsaw is an architectural studio based in Novi Sad, designing contemporary, sustainable, and authentic architectural solutions for over 10 years. Our approach is personal, detailed, and grounded in understanding the needs of the client and the specifics of each location.<\/p><p>We work with clients from Serbia, Canada, the United States, and other countries, creating projects that balance functionality, aesthetics, and long-term value. Whether it's family homes, apartments, interiors, urban planning concepts, or space renovations, we approach every project with the same care and dedication.<\/p><p>Madsaw architectural studio Novi Sad is recognized for quality communication, customized solutions and dedication to detail. Through architecture, interior design and sustainable approaches, we build spaces that are not only functional, but also inspiring.<\/p><p><a href=\"https:\/\/madsaw.pro\/en\/projekti\/\">check out our projects \ud83e\udc26<\/a><\/p>\t\t\t\t\t\t\t\t<\/div>\n\t\t\t\t<\/div>\n\t\t\t\t<\/div>\n\t\t\t\t<\/div>\n\t\t<div class=\"elementor-element elementor-element-07edd69 e-con-full e-flex e-con e-parent\" data-id=\"07edd69\" data-element_type=\"container\" data-e-type=\"container\">\n\t\t\t\t<div class=\"elementor-element elementor-element-7344204 elementor-widget__width-initial elementor-widget elementor-widget-heading\" data-id=\"7344204\" data-element_type=\"widget\" data-e-type=\"widget\" data-widget_type=\"heading.default\">\n\t\t\t\t\t<h2 class=\"elementor-heading-title elementor-size-default\">Our team<\/h2>\t\t\t\t<\/div>\n\t\t<div class=\"elementor-element elementor-element-04f774e e-con-full e-flex e-con e-child\" data-id=\"04f774e\" data-element_type=\"container\" data-e-type=\"container\">\n\t\t\t\t<div class=\"elementor-element elementor-element-4143f46 elementor-widget elementor-widget-text-editor\" data-id=\"4143f46\" data-element_type=\"widget\" data-e-type=\"widget\" data-widget_type=\"text-editor.default\">\n\t\t\t\t\t\t\t\t\t<p>We are Mina and Slobodan, a married couple of architects who jointly lead Madsaw Studio. We work side by side - each with our own sensibility but a shared vision: architecture that is thoughtful, functional, and beautiful.<\/p><p>As two architects who live and work together, every project goes through a dual filter: technical precision and emotional intelligence. The blend of different approaches and constant collaboration makes our solutions complete - because for us, form never exists without function, nor aesthetics without feeling.<\/p>\t\t\t\t\t\t\t\t<\/div>\n\t\t\t\t<\/div>\n\t\t\t\t<\/div>\n\t\t<div class=\"elementor-element elementor-element-7859708 e-con-full elementor-hidden-desktop elementor-hidden-tablet elementor-hidden-mobile e-flex e-con e-parent\" data-id=\"7859708\" data-element_type=\"container\" data-e-type=\"container\">\n\t\t\t\t<div class=\"elementor-element elementor-element-c3a31fa elementor-widget__width-initial elementor-widget elementor-widget-heading\" data-id=\"c3a31fa\" data-element_type=\"widget\" data-e-type=\"widget\" data-widget_type=\"heading.default\">\n\t\t\t\t\t<h2 class=\"elementor-heading-title elementor-size-default\">Na\u0161a filozofija<\/h2>\t\t\t\t<\/div>\n\t\t<div class=\"elementor-element elementor-element-661aa7b e-con-full e-flex e-con e-child\" data-id=\"661aa7b\" data-element_type=\"container\" data-e-type=\"container\">\n\t\t\t\t<div class=\"elementor-element elementor-element-0cadfd5 elementor-widget elementor-widget-text-editor\" data-id=\"0cadfd5\" data-element_type=\"widget\" data-e-type=\"widget\" data-widget_type=\"text-editor.default\">\n\t\t\t\t\t\t\t\t\t<p>U Madsaw-u verujemo da arhitektura nije samo dizajn prostora, ve\u0107 i kreacija koja uti\u010de na svakodnevni \u017eivot. Na\u0161a filozofija se temelji na harmoniji izme\u0111u funkcionalnosti, estetike i odr\u017eivosti. Svakom projektu pristupamo sa pa\u017enjom, istra\u017euju\u0107i jedinstvene potrebe klijenata i specifi\u010dnosti prostora, kako bismo stvorili re\u0161enja koja inspiri\u0161u i traju.<\/p><p>Verujemo u kreativnost koja se temelji na stru\u010dnosti, stalnom usavr\u0161avanju i upotrebi najsvremenijih tehnologija, \u010dine\u0107i svaki prostor ne samo lep\u0161im, ve\u0107 i boljim za \u017eivot i rad.<\/p>\t\t\t\t\t\t\t\t<\/div>\n\t\t\t\t<\/div>\n\t\t\t\t<\/div>\n\t\t\t\t<\/div>","protected":false},"excerpt":{"rendered":"<p>Madsaw arhitektura: stru\u010dnost, iskustvo, posve\u0107enost Arhitektonski studio Novi Sad Madsaw je arhitektonski studio sa sedi\u0161tem u Novom Sadu koji ve\u0107 vi\u0161e od 10 godina dizajnira savremena, odr\u017eiva i autenti\u010dna arhitektonska re\u0161enja. Na\u0161 pristup je li\u010dan, detaljan i utemeljen na razumevanju potreba investitora i specifi\u010dnosti svake lokacije. Radimo sa klijentima iz Srbije, Kanade, Sjedinjenih Ameri\u010dkih Dr\u017eava [&hellip;]<\/p>\n","protected":false},"author":1,"featured_media":1252,"parent":0,"menu_order":0,"comment_status":"closed","ping_status":"closed","template":"elementor_header_footer","meta":{"footnotes":""},"class_list":["post-160","page","type-page","status-publish","has-post-thumbnail","hentry"],"_links":{"self":[{"href":"https:\/\/madsaw.pro\/en\/wp-json\/wp\/v2\/pages\/160","targetHints":{"allow":["GET"]}}],"collection":[{"href":"https:\/\/madsaw.pro\/en\/wp-json\/wp\/v2\/pages"}],"about":[{"href":"https:\/\/madsaw.pro\/en\/wp-json\/wp\/v2\/types\/page"}],"author":[{"embeddable":true,"href":"https:\/\/madsaw.pro\/en\/wp-json\/wp\/v2\/users\/1"}],"replies":[{"embeddable":true,"href":"https:\/\/madsaw.pro\/en\/wp-json\/wp\/v2\/comments?post=160"}],"version-history":[{"count":65,"href":"https:\/\/madsaw.pro\/en\/wp-json\/wp\/v2\/pages\/160\/revisions"}],"predecessor-version":[{"id":1274,"href":"https:\/\/madsaw.pro\/en\/wp-json\/wp\/v2\/pages\/160\/revisions\/1274"}],"wp:featuredmedia":[{"embeddable":true,"href":"https:\/\/madsaw.pro\/en\/wp-json\/wp\/v2\/media\/1252"}],"wp:attachment":[{"href":"https:\/\/madsaw.pro\/en\/wp-json\/wp\/v2\/media?parent=160"}],"curies":[{"name":"wp","href":"https:\/\/api.w.org\/{rel}","templated":true}]}}