{"id":30,"date":"2025-02-18T10:40:58","date_gmt":"2025-02-18T10:40:58","guid":{"rendered":"https:\/\/madsaw.pro\/?page_id=30"},"modified":"2025-08-08T09:33:15","modified_gmt":"2025-08-08T08:33:15","slug":"arhitektonski-projekti","status":"publish","type":"page","link":"https:\/\/madsaw.pro\/en\/projects\/","title":{"rendered":"Projects"},"content":{"rendered":"<div data-elementor-type=\"wp-page\" data-elementor-id=\"30\" class=\"elementor elementor-30\" data-elementor-post-type=\"page\">\n\t\t\t\t<div class=\"elementor-element elementor-element-fe8bb9b e-con-full e-flex e-con e-parent\" data-id=\"fe8bb9b\" data-element_type=\"container\" data-e-type=\"container\">\n\t\t\t\t<div class=\"elementor-element elementor-element-b81ec25 elementor-widget__width-initial elementor-widget elementor-widget-heading\" data-id=\"b81ec25\" data-element_type=\"widget\" data-e-type=\"widget\" data-widget_type=\"heading.default\">\n\t\t\t\t\t<h1 class=\"elementor-heading-title elementor-size-default\">Na\u0161i arhitektonski projekti<\/h1>\t\t\t\t<\/div>\n\t\t\t\t<div class=\"elementor-element elementor-element-40e3ed3 elementor-widget__width-initial elementor-widget elementor-widget-text-editor\" data-id=\"40e3ed3\" data-element_type=\"widget\" data-e-type=\"widget\" data-widget_type=\"text-editor.default\">\n\t\t\t\t\t\t\t\t\t<p>We transform ideas into functional and aesthetically harmonious interiors.<\/p>\t\t\t\t\t\t\t\t<\/div>\n\t\t\t\t<\/div>\n\t\t<div class=\"elementor-element elementor-element-7be31d2 e-con-full e-flex e-con e-parent\" data-id=\"7be31d2\" data-element_type=\"container\" data-e-type=\"container\">\n\t\t<div class=\"elementor-element elementor-element-362ab29 e-con-full e-flex e-con e-child\" data-id=\"362ab29\" data-element_type=\"container\" data-e-type=\"container\">\n\t\t<div class=\"elementor-element elementor-element-6c954e1 e-con-full e-flex e-con e-child\" data-id=\"6c954e1\" data-element_type=\"container\" data-e-type=\"container\">\n\t\t\t\t<div class=\"elementor-element elementor-element-60fcc2e elementor-widget elementor-widget-image\" data-id=\"60fcc2e\" data-element_type=\"widget\" data-e-type=\"widget\" data-widget_type=\"image.default\">\n\t\t\t\t\t\t\t\t\t\t\t\t\t\t\t\t<a href=\"https:\/\/madsaw.pro\/en\/projekti\/remodelovanje-kuhinje-i-kupatila\/\">\n\t\t\t\t\t\t\t<img fetchpriority=\"high\" decoding=\"async\" width=\"1024\" height=\"751\" src=\"https:\/\/madsaw.pro\/wp-content\/uploads\/2025\/05\/projekat-1-dizajn-enterijera-kupatilo.jpg\" class=\"attachment-full size-full wp-image-1011\" alt=\"moderno kupatilo sa belim plo\u010dicama i drvenim elementima\" srcset=\"https:\/\/madsaw.pro\/wp-content\/uploads\/2025\/05\/projekat-1-dizajn-enterijera-kupatilo.jpg 1024w, https:\/\/madsaw.pro\/wp-content\/uploads\/2025\/05\/projekat-1-dizajn-enterijera-kupatilo-300x220.jpg 300w, https:\/\/madsaw.pro\/wp-content\/uploads\/2025\/05\/projekat-1-dizajn-enterijera-kupatilo-768x563.jpg 768w\" sizes=\"(max-width: 1024px) 100vw, 1024px\" title=\"\">\t\t\t\t\t\t\t\t<\/a>\n\t\t\t\t\t\t\t\t\t\t\t\t\t\t\t<\/div>\n\t\t\t\t<div class=\"elementor-element elementor-element-cdec5b8 elementor-widget elementor-widget-heading\" data-id=\"cdec5b8\" data-element_type=\"widget\" data-e-type=\"widget\" data-widget_type=\"heading.default\">\n\t\t\t\t\t<h3 class=\"elementor-heading-title elementor-size-default\"><a href=\"https:\/\/madsaw.pro\/en\/projekti\/remodelovanje-kuhinje-i-kupatila\/\">Kitchen and bathroom remodeling<\/a><\/h3>\t\t\t\t<\/div>\n\t\t\t\t<div class=\"elementor-element elementor-element-243e0b1 elementor-widget elementor-widget-button\" data-id=\"243e0b1\" data-element_type=\"widget\" data-e-type=\"widget\" data-widget_type=\"button.default\">\n\t\t\t\t\t\t\t\t\t\t<a class=\"elementor-button elementor-button-link elementor-size-sm\" href=\"https:\/\/madsaw.pro\/en\/projekti\/remodelovanje-kuhinje-i-kupatila\/\">\n\t\t\t\t\t\t<span class=\"elementor-button-content-wrapper\">\n\t\t\t\t\t\t<span class=\"elementor-button-icon\">\n\t\t\t\t<svg aria-hidden=\"true\" class=\"e-font-icon-svg e-fas-long-arrow-alt-right\" viewbox=\"0 0 448 512\" xmlns=\"http:\/\/www.w3.org\/2000\/svg\"><path d=\"M313.941 216H12c-6.627 0-12 5.373-12 12v56c0 6.627 5.373 12 12 12h301.941v46.059c0 21.382 25.851 32.09 40.971 16.971l86.059-86.059c9.373-9.373 9.373-24.569 0-33.941l-86.059-86.059c-15.119-15.119-40.971-4.411-40.971 16.971V216z\"><\/path><\/svg>\t\t\t<\/span>\n\t\t\t\t\t\t\t\t\t<span class=\"elementor-button-text\">more about the project<\/span>\n\t\t\t\t\t<\/span>\n\t\t\t\t\t<\/a>\n\t\t\t\t\t\t\t\t<\/div>\n\t\t\t\t<\/div>\n\t\t\t\t<\/div>\n\t\t<div class=\"elementor-element elementor-element-835b2cd e-con-full e-flex e-con e-child\" data-id=\"835b2cd\" data-element_type=\"container\" data-e-type=\"container\">\n\t\t<div class=\"elementor-element elementor-element-d36108e e-con-full e-flex e-con e-child\" data-id=\"d36108e\" data-element_type=\"container\" data-e-type=\"container\">\n\t\t\t\t<div class=\"elementor-element elementor-element-40f5dc2 elementor-widget elementor-widget-image\" data-id=\"40f5dc2\" data-element_type=\"widget\" data-e-type=\"widget\" data-widget_type=\"image.default\">\n\t\t\t\t\t\t\t\t\t\t\t\t\t\t\t\t<a href=\"https:\/\/madsaw.pro\/en\/projekti\/mood-board-za-kucnu-kancelariju\/\">\n\t\t\t\t\t\t\t<img decoding=\"async\" width=\"1200\" height=\"923\" src=\"https:\/\/madsaw.pro\/wp-content\/uploads\/2025\/05\/MOOD-BOARD-Office-Interior-Design-3.jpg\" class=\"attachment-full size-full wp-image-1004\" alt=\"arhitektonski projekti -Mood board - dizajn enterijera za kancelariju Mood board za ku\u0107nu kancelariju\" srcset=\"https:\/\/madsaw.pro\/wp-content\/uploads\/2025\/05\/MOOD-BOARD-Office-Interior-Design-3.jpg 1200w, https:\/\/madsaw.pro\/wp-content\/uploads\/2025\/05\/MOOD-BOARD-Office-Interior-Design-3-300x231.jpg 300w, https:\/\/madsaw.pro\/wp-content\/uploads\/2025\/05\/MOOD-BOARD-Office-Interior-Design-3-1024x788.jpg 1024w, https:\/\/madsaw.pro\/wp-content\/uploads\/2025\/05\/MOOD-BOARD-Office-Interior-Design-3-768x591.jpg 768w\" sizes=\"(max-width: 1200px) 100vw, 1200px\" title=\"\">\t\t\t\t\t\t\t\t<\/a>\n\t\t\t\t\t\t\t\t\t\t\t\t\t\t\t<\/div>\n\t\t\t\t<div class=\"elementor-element elementor-element-e0d38ee elementor-widget elementor-widget-heading\" data-id=\"e0d38ee\" data-element_type=\"widget\" data-e-type=\"widget\" data-widget_type=\"heading.default\">\n\t\t\t\t\t<h3 class=\"elementor-heading-title elementor-size-default\"><a href=\"https:\/\/madsaw.pro\/en\/projekti\/mood-board-za-kucnu-kancelariju\/\">Mood board za home office<\/a><\/h3>\t\t\t\t<\/div>\n\t\t\t\t<div class=\"elementor-element elementor-element-5cc64bf elementor-widget elementor-widget-button\" data-id=\"5cc64bf\" data-element_type=\"widget\" data-e-type=\"widget\" data-widget_type=\"button.default\">\n\t\t\t\t\t\t\t\t\t\t<a class=\"elementor-button elementor-button-link elementor-size-sm\" href=\"https:\/\/madsaw.pro\/en\/projekti\/mood-board-za-kucnu-kancelariju\/\">\n\t\t\t\t\t\t<span class=\"elementor-button-content-wrapper\">\n\t\t\t\t\t\t<span class=\"elementor-button-icon\">\n\t\t\t\t<svg aria-hidden=\"true\" class=\"e-font-icon-svg e-fas-long-arrow-alt-right\" viewbox=\"0 0 448 512\" xmlns=\"http:\/\/www.w3.org\/2000\/svg\"><path d=\"M313.941 216H12c-6.627 0-12 5.373-12 12v56c0 6.627 5.373 12 12 12h301.941v46.059c0 21.382 25.851 32.09 40.971 16.971l86.059-86.059c9.373-9.373 9.373-24.569 0-33.941l-86.059-86.059c-15.119-15.119-40.971-4.411-40.971 16.971V216z\"><\/path><\/svg>\t\t\t<\/span>\n\t\t\t\t\t\t\t\t\t<span class=\"elementor-button-text\">more about the project<\/span>\n\t\t\t\t\t<\/span>\n\t\t\t\t\t<\/a>\n\t\t\t\t\t\t\t\t<\/div>\n\t\t\t\t<\/div>\n\t\t\t\t<\/div>\n\t\t\t\t<\/div>\n\t\t\t\t<\/div>","protected":false},"excerpt":{"rendered":"<p>Na\u0161i arhitektonski projekti Ideje pretvaramo u funkcionalne i estetski uskla\u0111ene enterijere. Remodelovanje kuhinje i kupatila vi\u0161e o projektu Mood board za home office vi\u0161e o projektu<\/p>","protected":false},"author":1,"featured_media":1004,"parent":0,"menu_order":0,"comment_status":"closed","ping_status":"closed","template":"","meta":{"footnotes":""},"class_list":["post-30","page","type-page","status-publish","has-post-thumbnail","hentry"],"_links":{"self":[{"href":"https:\/\/madsaw.pro\/en\/wp-json\/wp\/v2\/pages\/30","targetHints":{"allow":["GET"]}}],"collection":[{"href":"https:\/\/madsaw.pro\/en\/wp-json\/wp\/v2\/pages"}],"about":[{"href":"https:\/\/madsaw.pro\/en\/wp-json\/wp\/v2\/types\/page"}],"author":[{"embeddable":true,"href":"https:\/\/madsaw.pro\/en\/wp-json\/wp\/v2\/users\/1"}],"replies":[{"embeddable":true,"href":"https:\/\/madsaw.pro\/en\/wp-json\/wp\/v2\/comments?post=30"}],"version-history":[{"count":40,"href":"https:\/\/madsaw.pro\/en\/wp-json\/wp\/v2\/pages\/30\/revisions"}],"predecessor-version":[{"id":1279,"href":"https:\/\/madsaw.pro\/en\/wp-json\/wp\/v2\/pages\/30\/revisions\/1279"}],"wp:featuredmedia":[{"embeddable":true,"href":"https:\/\/madsaw.pro\/en\/wp-json\/wp\/v2\/media\/1004"}],"wp:attachment":[{"href":"https:\/\/madsaw.pro\/en\/wp-json\/wp\/v2\/media?parent=30"}],"curies":[{"name":"wp","href":"https:\/\/api.w.org\/{rel}","templated":true}]}}