{"id":498,"date":"2025-02-24T08:21:27","date_gmt":"2025-02-24T08:21:27","guid":{"rendered":"https:\/\/madsaw.pro\/?page_id=498"},"modified":"2025-08-08T10:12:33","modified_gmt":"2025-08-08T09:12:33","slug":"arhitektonsko-projektovanje","status":"publish","type":"page","link":"https:\/\/madsaw.pro\/en\/architectural-services\/architectural-design\/","title":{"rendered":"Architectural design"},"content":{"rendered":"\t\t<div data-elementor-type=\"wp-page\" data-elementor-id=\"498\" class=\"elementor elementor-498\" data-elementor-post-type=\"page\">\n\t\t\t\t<div class=\"elementor-element elementor-element-7d014141 e-con-full e-flex e-con e-parent\" data-id=\"7d014141\" data-element_type=\"container\" data-e-type=\"container\">\n\t\t\t\t<div class=\"elementor-element elementor-element-2262e7ad elementor-widget elementor-widget-heading\" data-id=\"2262e7ad\" data-element_type=\"widget\" data-e-type=\"widget\" data-widget_type=\"heading.default\">\n\t\t\t\t\t<h2 class=\"elementor-heading-title elementor-size-default\">Funkcionalna, estetska i odr\u017eiva re\u0161enja za va\u0161 prostor.<\/h2>\t\t\t\t<\/div>\n\t\t\t\t<div class=\"elementor-element elementor-element-159a77eb elementor-widget__width-initial elementor-widget elementor-widget-text-editor\" data-id=\"159a77eb\" data-element_type=\"widget\" data-e-type=\"widget\" data-widget_type=\"text-editor.default\">\n\t\t\t\t\t\t\t\t\t<p>Od ideje do realizacije \u2013 kreiramo prostor koji odra\u017eava va\u0161 stil i zadovoljava sve tehni\u010dke i funkcionalne zahteve.<\/p>\t\t\t\t\t\t\t\t<\/div>\n\t\t\t\t<\/div>\n\t\t<div class=\"elementor-element elementor-element-6d041160 e-con-full e-flex e-con e-parent\" data-id=\"6d041160\" data-element_type=\"container\" data-e-type=\"container\">\n\t\t\t\t<div class=\"elementor-element elementor-element-27f40d53 elementor-widget__width-initial elementor-widget elementor-widget-heading\" data-id=\"27f40d53\" data-element_type=\"widget\" data-e-type=\"widget\" data-widget_type=\"heading.default\">\n\t\t\t\t\t<h2 class=\"elementor-heading-title elementor-size-default\">\u0160ta obuhvata arhitektonsko projektovanje?<\/h2>\t\t\t\t<\/div>\n\t\t<div class=\"elementor-element elementor-element-492fe8d6 e-con-full e-flex e-con e-child\" data-id=\"492fe8d6\" data-element_type=\"container\" data-e-type=\"container\">\n\t\t\t\t<div class=\"elementor-element elementor-element-6efda942 elementor-widget elementor-widget-text-editor\" data-id=\"6efda942\" data-element_type=\"widget\" data-e-type=\"widget\" data-widget_type=\"text-editor.default\">\n\t\t\t\t\t\t\t\t\t<p>Arhitektonsko projektovanje je proces kreiranja i razvijanja gra\u0111evinskih objekata kroz kombinaciju funkcionalnosti, estetike i tehni\u010dkih re\u0161enja.\u00a0<\/p><p>Obuhvata idejno re\u0161enje, izradu tehni\u010dke dokumentacije i uskla\u0111ivanje s propisima. Cilj je stvaranje prostora koji zadovoljavaju potrebe korisnika, uzimaju\u0107i u obzir ergonomiju, materijale, energetsku efikasnost i okolinu.<\/p>\t\t\t\t\t\t\t\t<\/div>\n\t\t\t\t<\/div>\n\t\t\t\t<\/div>\n\t\t<div class=\"elementor-element elementor-element-ca54c4d e-con-full e-flex e-con e-parent\" data-id=\"ca54c4d\" data-element_type=\"container\" data-e-type=\"container\" data-settings=\"{&quot;background_background&quot;:&quot;classic&quot;}\">\n\t\t<div class=\"elementor-element elementor-element-802d92d e-con-full e-flex e-con e-child\" data-id=\"802d92d\" data-element_type=\"container\" data-e-type=\"container\">\n\t\t<div class=\"elementor-element elementor-element-7b49ae6 e-con-full e-flex e-con e-child\" data-id=\"7b49ae6\" data-element_type=\"container\" data-e-type=\"container\">\n\t\t\t\t<div class=\"elementor-element elementor-element-4c176b6 elementor-widget__width-initial elementor-icon-list--layout-traditional elementor-list-item-link-full_width elementor-widget elementor-widget-icon-list\" data-id=\"4c176b6\" data-element_type=\"widget\" data-e-type=\"widget\" data-widget_type=\"icon-list.default\">\n\t\t\t\t\t\t\t<ul class=\"elementor-icon-list-items\">\n\t\t\t\t\t\t\t<li class=\"elementor-icon-list-item\">\n\t\t\t\t\t\t\t\t\t\t\t<span class=\"elementor-icon-list-icon\">\n\t\t\t\t\t\t\t<svg aria-hidden=\"true\" class=\"e-font-icon-svg e-fas-circle\" viewBox=\"0 0 512 512\" xmlns=\"http:\/\/www.w3.org\/2000\/svg\"><path d=\"M256 8C119 8 8 119 8 256s111 248 248 248 248-111 248-248S393 8 256 8z\"><\/path><\/svg>\t\t\t\t\t\t<\/span>\n\t\t\t\t\t\t\t\t\t\t<span class=\"elementor-icon-list-text\"><\/span>\n\t\t\t\t\t\t\t\t\t<\/li>\n\t\t\t\t\t\t<\/ul>\n\t\t\t\t\t\t<\/div>\n\t\t\t\t<div class=\"elementor-element elementor-element-448de8e elementor-widget elementor-widget-heading\" data-id=\"448de8e\" data-element_type=\"widget\" data-e-type=\"widget\" data-widget_type=\"heading.default\">\n\t\t\t\t\t<p class=\"elementor-heading-title elementor-size-default\">Faze arhitektonskog projektovanja<\/p>\t\t\t\t<\/div>\n\t\t\t\t<\/div>\n\t\t\t\t<div class=\"elementor-element elementor-element-d99153a elementor-widget elementor-widget-heading\" data-id=\"d99153a\" data-element_type=\"widget\" data-e-type=\"widget\" data-widget_type=\"heading.default\">\n\t\t\t\t\t<h2 class=\"elementor-heading-title elementor-size-default\">Kako izgleda ceo proces projektovanja?<\/h2>\t\t\t\t<\/div>\n\t\t\t\t<div class=\"elementor-element elementor-element-fc39c2c elementor-widget elementor-widget-text-editor\" data-id=\"fc39c2c\" data-element_type=\"widget\" data-e-type=\"widget\" data-widget_type=\"text-editor.default\">\n\t\t\t\t\t\t\t\t\t<p>Od prve ideje do konkretne gradnje, kroz niz faza razvija se re\u0161enje koje je funkcionalno, uskla\u0111eno s propisima i spremno za realizaciju. Evo kako taj proces izgleda korak po korak:<\/p>\t\t\t\t\t\t\t\t<\/div>\n\t\t\t\t<\/div>\n\t\t<div class=\"elementor-element elementor-element-0a227a5 e-con-full e-flex e-con e-child\" data-id=\"0a227a5\" data-element_type=\"container\" data-e-type=\"container\">\n\t\t<div class=\"elementor-element elementor-element-a9d9e6b e-con-full e-flex e-con e-child\" data-id=\"a9d9e6b\" data-element_type=\"container\" data-e-type=\"container\">\n\t\t\t\t<div class=\"elementor-element elementor-element-cf72e0d elementor-widget__width-initial elementor-widget elementor-widget-heading\" data-id=\"cf72e0d\" data-element_type=\"widget\" data-e-type=\"widget\" data-widget_type=\"heading.default\">\n\t\t\t\t\t<span class=\"elementor-heading-title elementor-size-default\">01<\/span>\t\t\t\t<\/div>\n\t\t<div class=\"elementor-element elementor-element-9087e1e e-con-full e-flex e-con e-child\" data-id=\"9087e1e\" data-element_type=\"container\" data-e-type=\"container\">\n\t\t\t\t<div class=\"elementor-element elementor-element-24a9c47 elementor-widget elementor-widget-heading\" data-id=\"24a9c47\" data-element_type=\"widget\" data-e-type=\"widget\" data-widget_type=\"heading.default\">\n\t\t\t\t\t<h2 class=\"elementor-heading-title elementor-size-default\">Analiza lokacije i konsultacije sa klijentom<\/h2>\t\t\t\t<\/div>\n\t\t\t\t<div class=\"elementor-element elementor-element-ca2c912 elementor-widget elementor-widget-text-editor\" data-id=\"ca2c912\" data-element_type=\"widget\" data-e-type=\"widget\" data-widget_type=\"text-editor.default\">\n\t\t\t\t\t\t\t\t\t<p>Upoznavanje sa parcelom ili objektom (teren, urbanisti\u010dki uslovi, zakonodavni okvir), razumevanje potreba i \u017eelja klijenta, prikupljanje po\u010detnih informacija i dokumentacije neophodne za dalji rad.<\/p>\t\t\t\t\t\t\t\t<\/div>\n\t\t\t\t<\/div>\n\t\t\t\t<\/div>\n\t\t<div class=\"elementor-element elementor-element-17f04c9 e-con-full e-flex e-con e-child\" data-id=\"17f04c9\" data-element_type=\"container\" data-e-type=\"container\">\n\t\t\t\t<div class=\"elementor-element elementor-element-9020429 elementor-widget__width-initial elementor-widget elementor-widget-heading\" data-id=\"9020429\" data-element_type=\"widget\" data-e-type=\"widget\" data-widget_type=\"heading.default\">\n\t\t\t\t\t<span class=\"elementor-heading-title elementor-size-default\">02<\/span>\t\t\t\t<\/div>\n\t\t<div class=\"elementor-element elementor-element-9969963 e-con-full e-flex e-con e-child\" data-id=\"9969963\" data-element_type=\"container\" data-e-type=\"container\">\n\t\t\t\t<div class=\"elementor-element elementor-element-da5cf04 elementor-widget elementor-widget-heading\" data-id=\"da5cf04\" data-element_type=\"widget\" data-e-type=\"widget\" data-widget_type=\"heading.default\">\n\t\t\t\t\t<h2 class=\"elementor-heading-title elementor-size-default\">Idejno re\u0161enje (IDR)<\/h2>\t\t\t\t<\/div>\n\t\t\t\t<div class=\"elementor-element elementor-element-e72341d elementor-widget elementor-widget-text-editor\" data-id=\"e72341d\" data-element_type=\"widget\" data-e-type=\"widget\" data-widget_type=\"text-editor.default\">\n\t\t\t\t\t\t\t\t\t<p>Razvoj osnovnog koncepta i organizacije prostora kroz razradu varijanti i izradu prikaza poput skica, 2D osnova, preseka, fasada, mood board-a i osnovne 3D vizualizacije. Nakon prezentacije klijentu, koncept se uskla\u0111uje sa povratnim informacijama. Cilj je da se defini\u0161u izgled, funkcija i atmosfera objekta, uz izradu dokumentacije potrebne za pribavljanje lokacijskih uslova ili saglasnosti.<\/p>\t\t\t\t\t\t\t\t<\/div>\n\t\t\t\t<\/div>\n\t\t\t\t<\/div>\n\t\t<div class=\"elementor-element elementor-element-ba32358 e-con-full e-flex e-con e-child\" data-id=\"ba32358\" data-element_type=\"container\" data-e-type=\"container\">\n\t\t\t\t<div class=\"elementor-element elementor-element-7ab22c4 elementor-widget__width-initial elementor-widget elementor-widget-heading\" data-id=\"7ab22c4\" data-element_type=\"widget\" data-e-type=\"widget\" data-widget_type=\"heading.default\">\n\t\t\t\t\t<span class=\"elementor-heading-title elementor-size-default\">03<\/span>\t\t\t\t<\/div>\n\t\t<div class=\"elementor-element elementor-element-0851b19 e-con-full e-flex e-con e-child\" data-id=\"0851b19\" data-element_type=\"container\" data-e-type=\"container\">\n\t\t\t\t<div class=\"elementor-element elementor-element-5ed2f88 elementor-widget elementor-widget-heading\" data-id=\"5ed2f88\" data-element_type=\"widget\" data-e-type=\"widget\" data-widget_type=\"heading.default\">\n\t\t\t\t\t<h2 class=\"elementor-heading-title elementor-size-default\">Idejni projekat (IDP)<\/h2>\t\t\t\t<\/div>\n\t\t\t\t<div class=\"elementor-element elementor-element-c3e3476 elementor-widget elementor-widget-text-editor\" data-id=\"c3e3476\" data-element_type=\"widget\" data-e-type=\"widget\" data-widget_type=\"text-editor.default\">\n\t\t\t\t\t\t\t\t\t<p>Preciznije razra\u0111ena verzija idejnog re\u0161enja, uskla\u0111ena sa va\u017ee\u0107im propisima. Dokumentacija obuhvata tehni\u010dke osnove, preseke, fasade, situaciju i tehni\u010dki opis. Ovaj korak je neophodan za pribavljanje lokacijskih uslova ili saglasnosti, a cilj je izrada projektne dokumentacije koja slu\u017ei za predurbanisti\u010dke i administrativne procese.<\/p>\t\t\t\t\t\t\t\t<\/div>\n\t\t\t\t<\/div>\n\t\t\t\t<\/div>\n\t\t<div class=\"elementor-element elementor-element-912956b e-con-full e-flex e-con e-child\" data-id=\"912956b\" data-element_type=\"container\" data-e-type=\"container\">\n\t\t\t\t<div class=\"elementor-element elementor-element-8ea011b elementor-widget__width-initial elementor-widget elementor-widget-heading\" data-id=\"8ea011b\" data-element_type=\"widget\" data-e-type=\"widget\" data-widget_type=\"heading.default\">\n\t\t\t\t\t<span class=\"elementor-heading-title elementor-size-default\">04<\/span>\t\t\t\t<\/div>\n\t\t<div class=\"elementor-element elementor-element-6c4e9ce e-con-full e-flex e-con e-child\" data-id=\"6c4e9ce\" data-element_type=\"container\" data-e-type=\"container\">\n\t\t\t\t<div class=\"elementor-element elementor-element-d4cf8cf elementor-widget elementor-widget-heading\" data-id=\"d4cf8cf\" data-element_type=\"widget\" data-e-type=\"widget\" data-widget_type=\"heading.default\">\n\t\t\t\t\t<h2 class=\"elementor-heading-title elementor-size-default\">Glavni projekat (PGD \/ GUP \/ GUP+IDP)<\/h2>\t\t\t\t<\/div>\n\t\t\t\t<div class=\"elementor-element elementor-element-c22f9e4 elementor-widget elementor-widget-text-editor\" data-id=\"c22f9e4\" data-element_type=\"widget\" data-e-type=\"widget\" data-widget_type=\"text-editor.default\">\n\t\t\t\t\t\t\t\t\t<p>Izrada detaljne tehni\u010dke dokumentacije neophodne za dobijanje gra\u0111evinske dozvole. Uklju\u010duje arhitektonske, konstruktivne i instalacione projekte, elaborat o energetskoj efikasnosti, mere za\u0161tite od po\u017eara i drugo, sve u skladu sa va\u017ee\u0107im propisima i zakonima.\u00a0<\/p>\t\t\t\t\t\t\t\t<\/div>\n\t\t\t\t<\/div>\n\t\t\t\t<\/div>\n\t\t<div class=\"elementor-element elementor-element-e228ef2 e-con-full e-flex e-con e-child\" data-id=\"e228ef2\" data-element_type=\"container\" data-e-type=\"container\">\n\t\t\t\t<div class=\"elementor-element elementor-element-d8e86e2 elementor-widget__width-initial elementor-widget elementor-widget-heading\" data-id=\"d8e86e2\" data-element_type=\"widget\" data-e-type=\"widget\" data-widget_type=\"heading.default\">\n\t\t\t\t\t<span class=\"elementor-heading-title elementor-size-default\">05<\/span>\t\t\t\t<\/div>\n\t\t<div class=\"elementor-element elementor-element-5a4036c e-con-full e-flex e-con e-child\" data-id=\"5a4036c\" data-element_type=\"container\" data-e-type=\"container\">\n\t\t\t\t<div class=\"elementor-element elementor-element-1cce413 elementor-widget elementor-widget-heading\" data-id=\"1cce413\" data-element_type=\"widget\" data-e-type=\"widget\" data-widget_type=\"heading.default\">\n\t\t\t\t\t<h2 class=\"elementor-heading-title elementor-size-default\">Projekat za izvo\u0111enje (PZI)<\/h2>\t\t\t\t<\/div>\n\t\t\t\t<div class=\"elementor-element elementor-element-b295c1e elementor-widget elementor-widget-text-editor\" data-id=\"b295c1e\" data-element_type=\"widget\" data-e-type=\"widget\" data-widget_type=\"text-editor.default\">\n\t\t\t\t\t\t\t\t\t<p>Detaljno razra\u0111ena dokumentacija namenjena izvo\u0111a\u010du za gradnju. Obuhvata precizne mere, slojeve, materijale i prikaze svih konstruktivnih i instalaterskih elemenata, a mo\u017ee uklju\u010divati i predmer i predra\u010dun radova.<\/p>\t\t\t\t\t\t\t\t<\/div>\n\t\t\t\t<\/div>\n\t\t\t\t<\/div>\n\t\t<div class=\"elementor-element elementor-element-9b91804 e-con-full e-flex e-con e-child\" data-id=\"9b91804\" data-element_type=\"container\" data-e-type=\"container\">\n\t\t\t\t<div class=\"elementor-element elementor-element-96eb020 elementor-widget__width-initial elementor-widget elementor-widget-heading\" data-id=\"96eb020\" data-element_type=\"widget\" data-e-type=\"widget\" data-widget_type=\"heading.default\">\n\t\t\t\t\t<span class=\"elementor-heading-title elementor-size-default\">06<\/span>\t\t\t\t<\/div>\n\t\t<div class=\"elementor-element elementor-element-e18e47d e-con-full e-flex e-con e-child\" data-id=\"e18e47d\" data-element_type=\"container\" data-e-type=\"container\">\n\t\t\t\t<div class=\"elementor-element elementor-element-efddff3 elementor-widget elementor-widget-heading\" data-id=\"efddff3\" data-element_type=\"widget\" data-e-type=\"widget\" data-widget_type=\"heading.default\">\n\t\t\t\t\t<h2 class=\"elementor-heading-title elementor-size-default\">Projekat enterijera (po potrebi)<\/h2>\t\t\t\t<\/div>\n\t\t\t\t<div class=\"elementor-element elementor-element-604d3cd elementor-widget elementor-widget-text-editor\" data-id=\"604d3cd\" data-element_type=\"widget\" data-e-type=\"widget\" data-widget_type=\"text-editor.default\">\n\t\t\t\t\t\t\t\t\t<p>Razrada funkcionalnog rasporeda, name\u0161taja, materijala, osvetljenja i boja, uz izradu 3D vizualizacija i moodboardova. Pripremaju se detalji za izradu po meri, kao i spisak potrebne opreme i materijala.<\/p>\t\t\t\t\t\t\t\t<\/div>\n\t\t\t\t<\/div>\n\t\t\t\t<\/div>\n\t\t<div class=\"elementor-element elementor-element-9043305 e-con-full e-flex e-con e-child\" data-id=\"9043305\" data-element_type=\"container\" data-e-type=\"container\">\n\t\t\t\t<div class=\"elementor-element elementor-element-5ae0642 elementor-widget__width-initial elementor-widget elementor-widget-heading\" data-id=\"5ae0642\" data-element_type=\"widget\" data-e-type=\"widget\" data-widget_type=\"heading.default\">\n\t\t\t\t\t<span class=\"elementor-heading-title elementor-size-default\">07<\/span>\t\t\t\t<\/div>\n\t\t<div class=\"elementor-element elementor-element-2e2c51c e-con-full e-flex e-con e-child\" data-id=\"2e2c51c\" data-element_type=\"container\" data-e-type=\"container\">\n\t\t\t\t<div class=\"elementor-element elementor-element-806b1be elementor-widget elementor-widget-heading\" data-id=\"806b1be\" data-element_type=\"widget\" data-e-type=\"widget\" data-widget_type=\"heading.default\">\n\t\t\t\t\t<h2 class=\"elementor-heading-title elementor-size-default\">Autorski i stru\u010dni nadzor<\/h2>\t\t\t\t<\/div>\n\t\t\t\t<div class=\"elementor-element elementor-element-b6cfc23 elementor-widget elementor-widget-text-editor\" data-id=\"b6cfc23\" data-element_type=\"widget\" data-e-type=\"widget\" data-widget_type=\"text-editor.default\">\n\t\t\t\t\t\t\t\t\t<p>Pra\u0107enje izvo\u0111enja radova na terenu radi kontrole uskla\u0111enosti sa projektom. Dajemo uputstva izvo\u0111a\u010dima i re\u0161avamo eventualne probleme na terenu, uz prilago\u0111avanje pojedinih detalja realnim uslovima gradnje.<\/p>\t\t\t\t\t\t\t\t<\/div>\n\t\t\t\t<\/div>\n\t\t\t\t<\/div>\n\t\t\t\t<\/div>\n\t\t\t\t<\/div>\n\t\t<div class=\"elementor-element elementor-element-43ad731f e-con-full e-flex e-con e-parent\" data-id=\"43ad731f\" data-element_type=\"container\" data-e-type=\"container\">\n\t\t<div class=\"elementor-element elementor-element-3ad700ca e-con-full e-flex e-con e-child\" data-id=\"3ad700ca\" data-element_type=\"container\" data-e-type=\"container\">\n\t\t\t\t<div class=\"elementor-element elementor-element-6a0e16e elementor-widget elementor-widget-heading\" data-id=\"6a0e16e\" data-element_type=\"widget\" data-e-type=\"widget\" data-widget_type=\"heading.default\">\n\t\t\t\t\t<h2 class=\"elementor-heading-title elementor-size-default\">Kontaktirajte nas za va\u0161e idealno re\u0161enje!<\/h2>\t\t\t\t<\/div>\n\t\t\t\t<div class=\"elementor-element elementor-element-289e17e1 elementor-icon-list--layout-traditional elementor-list-item-link-full_width elementor-widget elementor-widget-icon-list\" data-id=\"289e17e1\" data-element_type=\"widget\" data-e-type=\"widget\" data-widget_type=\"icon-list.default\">\n\t\t\t\t\t\t\t<ul class=\"elementor-icon-list-items\">\n\t\t\t\t\t\t\t<li class=\"elementor-icon-list-item\">\n\t\t\t\t\t\t\t\t\t\t\t<a href=\"tel:+381659996797\">\n\n\t\t\t\t\t\t\t\t\t\t\t<span class=\"elementor-icon-list-text\">+381659996797<\/span>\n\t\t\t\t\t\t\t\t\t\t\t<\/a>\n\t\t\t\t\t\t\t\t\t<\/li>\n\t\t\t\t\t\t\t\t<li class=\"elementor-icon-list-item\">\n\t\t\t\t\t\t\t\t\t\t\t<a href=\"mailto:info@madsaw.pro\">\n\n\t\t\t\t\t\t\t\t\t\t\t<span class=\"elementor-icon-list-text\">info@madsaw.pro<\/span>\n\t\t\t\t\t\t\t\t\t\t\t<\/a>\n\t\t\t\t\t\t\t\t\t<\/li>\n\t\t\t\t\t\t<\/ul>\n\t\t\t\t\t\t<\/div>\n\t\t\t\t<\/div>\n\t\t<div class=\"elementor-element elementor-element-ef6e595 e-con-full e-flex e-con e-child\" data-id=\"ef6e595\" data-element_type=\"container\" data-e-type=\"container\">\n\t\t\t\t<div class=\"elementor-element elementor-element-38770d9 elementor-widget elementor-widget-shortcode\" data-id=\"38770d9\" data-element_type=\"widget\" data-e-type=\"widget\" data-widget_type=\"shortcode.default\">\n\t\t\t\t\t\t\t<div class=\"elementor-shortcode\">\t\t<div data-elementor-type=\"section\" data-elementor-id=\"789\" class=\"elementor elementor-789\" data-elementor-post-type=\"elementor_library\">\n\t\t\t<div class=\"elementor-element elementor-element-e905771 e-con-full e-flex e-con e-parent\" data-id=\"e905771\" data-element_type=\"container\" data-e-type=\"container\">\n\t\t\t\t<div class=\"elementor-element elementor-element-0e8974a elementor-button-align-center elementor-widget elementor-widget-form\" data-id=\"0e8974a\" data-element_type=\"widget\" data-e-type=\"widget\" data-settings=\"{&quot;step_next_label&quot;:&quot;Next&quot;,&quot;step_previous_label&quot;:&quot;Previous&quot;,&quot;button_width&quot;:&quot;100&quot;,&quot;step_type&quot;:&quot;number_text&quot;,&quot;step_icon_shape&quot;:&quot;circle&quot;}\" data-widget_type=\"form.default\">\n\t\t\t\t\t\t\t<form class=\"elementor-form\" method=\"post\" name=\"New Form\" aria-label=\"New Form\">\n\t\t\t<input type=\"hidden\" name=\"post_id\" value=\"789\"\/>\n\t\t\t<input type=\"hidden\" name=\"form_id\" value=\"0e8974a\"\/>\n\t\t\t<input type=\"hidden\" name=\"referer_title\" value=\"Kontakt \u2022 Madsaw Arhitekti\" \/>\n\n\t\t\t\t\t\t\t<input type=\"hidden\" name=\"queried_id\" value=\"26\"\/>\n\t\t\t\n\t\t\t<div class=\"elementor-form-fields-wrapper elementor-labels-\">\n\t\t\t\t\t\t\t\t<div class=\"elementor-field-type-text elementor-field-group elementor-column elementor-field-group-name elementor-col-100 elementor-field-required\">\n\t\t\t\t\t\t\t\t\t\t\t\t<label for=\"form-field-name\" class=\"elementor-field-label elementor-screen-only\">\n\t\t\t\t\t\t\t\tIme\t\t\t\t\t\t\t<\/label>\n\t\t\t\t\t\t\t\t\t\t\t\t\t\t<input size=\"1\" type=\"text\" name=\"form_fields[name]\" id=\"form-field-name\" class=\"elementor-field elementor-size-sm  elementor-field-textual\" placeholder=\"Ime\" required=\"required\">\n\t\t\t\t\t\t\t\t\t\t\t<\/div>\n\t\t\t\t\t\t\t\t<div class=\"elementor-field-type-email elementor-field-group elementor-column elementor-field-group-email elementor-col-100 elementor-field-required\">\n\t\t\t\t\t\t\t\t\t\t\t\t<label for=\"form-field-email\" class=\"elementor-field-label elementor-screen-only\">\n\t\t\t\t\t\t\t\tEmail\t\t\t\t\t\t\t<\/label>\n\t\t\t\t\t\t\t\t\t\t\t\t\t\t<input size=\"1\" type=\"email\" name=\"form_fields[email]\" id=\"form-field-email\" class=\"elementor-field elementor-size-sm  elementor-field-textual\" placeholder=\"Email\" required=\"required\">\n\t\t\t\t\t\t\t\t\t\t\t<\/div>\n\t\t\t\t\t\t\t\t<div class=\"elementor-field-type-textarea elementor-field-group elementor-column elementor-field-group-message elementor-col-100 elementor-field-required\">\n\t\t\t\t\t\t\t\t\t\t\t\t<label for=\"form-field-message\" class=\"elementor-field-label elementor-screen-only\">\n\t\t\t\t\t\t\t\tPoruka\t\t\t\t\t\t\t<\/label>\n\t\t\t\t\t\t<textarea class=\"elementor-field-textual elementor-field  elementor-size-sm\" name=\"form_fields[message]\" id=\"form-field-message\" rows=\"4\" placeholder=\"Poruka\" required=\"required\"><\/textarea>\t\t\t\t<\/div>\n\t\t\t\t\t\t\t\t<div class=\"elementor-field-type-text\">\n\t\t\t\t\t<input size=\"1\" type=\"text\" name=\"form_fields[field_2cd1353]\" id=\"form-field-field_2cd1353\" class=\"elementor-field elementor-size-sm \" style=\"display:none !important;\">\t\t\t\t<\/div>\n\t\t\t\t\t\t\t\t<div class=\"elementor-field-type-recaptcha_v3 elementor-field-group elementor-column elementor-field-group-field_835d538 elementor-col-100 recaptcha_v3-bottomright\">\n\t\t\t\t\t<div class=\"elementor-field\" id=\"form-field-field_835d538\"><div class=\"elementor-g-recaptcha\" data-sitekey=\"6Lcnjt4qAAAAAMe8X9RP4EZds_3e1romFwQiExwb\" data-type=\"v3\" data-action=\"Form\" data-badge=\"bottomright\" data-size=\"invisible\"><\/div><\/div>\t\t\t\t<\/div>\n\t\t\t\t\t\t\t\t<div class=\"elementor-field-group elementor-column elementor-field-type-submit elementor-col-100 e-form__buttons\">\n\t\t\t\t\t<button class=\"elementor-button elementor-size-sm\" type=\"submit\">\n\t\t\t\t\t\t<span class=\"elementor-button-content-wrapper\">\n\t\t\t\t\t\t\t\t\t\t\t\t\t\t\t\t\t\t\t\t\t\t<span class=\"elementor-button-text\">Po\u0161alji<\/span>\n\t\t\t\t\t\t\t\t\t\t\t\t\t<\/span>\n\t\t\t\t\t<\/button>\n\t\t\t\t<\/div>\n\t\t\t<\/div>\n\t\t<\/form>\n\t\t\t\t\t\t<\/div>\n\t\t\t\t<\/div>\n\t\t\t\t<\/div>\n\t\t<\/div>\n\t\t\t\t\t\t<\/div>\n\t\t\t\t<\/div>\n\t\t\t\t<\/div>\n\t\t\t\t<\/div>\n\t\t","protected":false},"excerpt":{"rendered":"<p>Funkcionalna, estetska i odr\u017eiva re\u0161enja za va\u0161 prostor. Od ideje do realizacije \u2013 kreiramo prostor koji odra\u017eava va\u0161 stil i zadovoljava sve tehni\u010dke i funkcionalne zahteve. \u0160ta obuhvata arhitektonsko projektovanje? Arhitektonsko projektovanje je proces kreiranja i razvijanja gra\u0111evinskih objekata kroz kombinaciju funkcionalnosti, estetike i tehni\u010dkih re\u0161enja. Obuhvata idejno re\u0161enje, izradu tehni\u010dke dokumentacije i uskla\u0111ivanje s [&hellip;]<\/p>\n","protected":false},"author":1,"featured_media":1252,"parent":28,"menu_order":0,"comment_status":"closed","ping_status":"closed","template":"","meta":{"footnotes":""},"class_list":["post-498","page","type-page","status-publish","has-post-thumbnail","hentry"],"_links":{"self":[{"href":"https:\/\/madsaw.pro\/en\/wp-json\/wp\/v2\/pages\/498","targetHints":{"allow":["GET"]}}],"collection":[{"href":"https:\/\/madsaw.pro\/en\/wp-json\/wp\/v2\/pages"}],"about":[{"href":"https:\/\/madsaw.pro\/en\/wp-json\/wp\/v2\/types\/page"}],"author":[{"embeddable":true,"href":"https:\/\/madsaw.pro\/en\/wp-json\/wp\/v2\/users\/1"}],"replies":[{"embeddable":true,"href":"https:\/\/madsaw.pro\/en\/wp-json\/wp\/v2\/comments?post=498"}],"version-history":[{"count":156,"href":"https:\/\/madsaw.pro\/en\/wp-json\/wp\/v2\/pages\/498\/revisions"}],"predecessor-version":[{"id":1286,"href":"https:\/\/madsaw.pro\/en\/wp-json\/wp\/v2\/pages\/498\/revisions\/1286"}],"up":[{"embeddable":true,"href":"https:\/\/madsaw.pro\/en\/wp-json\/wp\/v2\/pages\/28"}],"wp:featuredmedia":[{"embeddable":true,"href":"https:\/\/madsaw.pro\/en\/wp-json\/wp\/v2\/media\/1252"}],"wp:attachment":[{"href":"https:\/\/madsaw.pro\/en\/wp-json\/wp\/v2\/media?parent=498"}],"curies":[{"name":"wp","href":"https:\/\/api.w.org\/{rel}","templated":true}]}}